{"id":1052,"date":"2025-11-11T18:28:41","date_gmt":"2025-11-11T17:28:41","guid":{"rendered":"https:\/\/enpleineveil.com\/?page_id=1052"},"modified":"2025-12-03T15:08:36","modified_gmt":"2025-12-03T14:08:36","slug":"hypnose-mission-de-vie","status":"publish","type":"page","link":"https:\/\/enpleineveil.com\/index.php\/hypnose-mission-de-vie\/","title":{"rendered":"Hypnose \u00ab\u00a0Mission de Vie\u00a0\u00bb"},"content":{"rendered":"\n<p>Une exp\u00e9rience spirituelle profonde de reconnexion \u00e0 ton \u00e2me<\/p>\n\n\n\n<h2 class=\"wp-block-heading\"><mark style=\"background-color:#7bdcb5\" class=\"has-inline-color\">Retrouver le sens profond de ton existence<\/mark><\/h2>\n\n\n\n<p>Et si tu pouvais comprendre <strong>pourquoi ton \u00e2me a choisi de s\u2019incarner dans cette vie<\/strong>, dans ce corps, avec ces d\u00e9fis ?<br>L\u2019hypnose mission de vie est une <strong>exp\u00e9rience unique et transformatrice<\/strong> qui te permet d\u2019acc\u00e9der \u00e0 la m\u00e9moire de ton \u00e2me \u2014 au-del\u00e0 du mental, au-del\u00e0 du temps.<\/p>\n\n\n\n<p>\u00c0 travers un <strong>\u00e9tat de conscience \u00e9largi<\/strong>, tu explores tes <strong>vies ant\u00e9rieures<\/strong>, ton <strong>espace entre les vies<\/strong>, tes <strong>annales akashiques<\/strong>, et tu rencontres tes <strong>guides spirituels<\/strong>.<br>C\u2019est une plong\u00e9e dans ton essence, une <strong>r\u00e9v\u00e9lation de ta mission de vie<\/strong> et des <strong>enseignements que ton \u00e2me est venue int\u00e9grer<\/strong> dans cette incarnation.<\/p>\n\n\n\n<h2 class=\"wp-block-heading\"><mark style=\"background-color:#7bdcb5\" class=\"has-inline-color\">Une hypnose spirituelle, sans connotation religieuse<\/mark><\/h2>\n\n\n\n<p>L\u2019hypnose spirituelle repose sur le principe que nous sommes des <strong>\u00eatres spirituels vivant une exp\u00e9rience humaine<\/strong>.<br>Chaque incarnation est une opportunit\u00e9 d\u2019\u00e9voluer, de gu\u00e9rir et de grandir.<\/p>\n\n\n\n<p>Cette approche n\u2019a rien de m\u00e9diumnique ni de religieux : elle est <strong>th\u00e9rapeutique, consciente et participative<\/strong>.<br>C\u2019est toi qui vis l\u2019exp\u00e9rience, toi qui ressens, vois, entends et comprends \u2014 je ne te raconte rien, je t\u2019accompagne avec bienveillance pour te permettre de <strong>vivre pleinement ce voyage int\u00e9rieur<\/strong>.<\/p>\n\n\n\n<h2 class=\"wp-block-heading\"><mark style=\"background-color:#7bdcb5\" class=\"has-inline-color\">Les bienfaits de l\u2019hypnose spirituelle<\/mark><\/h2>\n\n\n\n<p>Cette s\u00e9ance te permet de :<\/p>\n\n\n\n<ul class=\"wp-block-list\">\n<li>Comprendre ta <strong>mission de vie<\/strong> et le sens profond de ton incarnation actuelle.<\/li>\n\n\n\n<li>Lib\u00e9rer les <strong>m\u00e9moires karmiques<\/strong> et blessures du pass\u00e9 qui freinent ton \u00e9volution.<\/li>\n\n\n\n<li>Te <strong>d\u00e9tacher des charges \u00e9motionnelles<\/strong> ou des contrats d\u2019\u00e2me devenus obsol\u00e8tes.<\/li>\n\n\n\n<li>Contacter une <strong>ressource ou capacit\u00e9 ancienne<\/strong> utile \u00e0 ton chemin actuel.<\/li>\n\n\n\n<li>Accueillir l\u2019\u00e9nergie d\u2019amour inconditionnel, reconnecter \u00e0 tes d\u00e9funts ou \u00e0 ta <strong>famille d\u2019\u00e2me<\/strong>.<\/li>\n\n\n\n<li>Retrouver <strong>paix int\u00e9rieure, clart\u00e9 et confiance<\/strong> dans ton chemin spirituel.<\/li>\n<\/ul>\n\n\n\n<p>C\u2019est une <strong>exp\u00e9rience de gu\u00e9rison et de r\u00e9v\u00e9lation<\/strong> \u00e0 tous les niveaux de ton \u00eatre : corps, \u00e2me et conscience.<\/p>\n\n\n\n<h2 class=\"wp-block-heading\"><mark style=\"background-color:#7bdcb5\" class=\"has-inline-color\">Le d\u00e9roulement d\u2019une s\u00e9ance<\/mark><\/h2>\n\n\n\n<p>Chaque s\u00e9ance est <strong>enti\u00e8rement personnalis\u00e9e<\/strong> et dure entre <strong>2h30 et 6h<\/strong>,  selon ton rythme et la richesse de ton exploration.<br>Tu vis un v\u00e9ritable <strong>voyage int\u00e9rieur<\/strong>, compos\u00e9 de plusieurs \u00e9tapes :<\/p>\n\n\n\n<ol class=\"wp-block-list\">\n<li><strong>Pr\u00e9paration et induction hypnotique<\/strong> \u2013 mise en \u00e9tat de conscience modifi\u00e9e douce et s\u00e9curis\u00e9e.<\/li>\n\n\n\n<li><strong>R\u00e9gression dans ta vie actuelle<\/strong>, de l\u2019\u00e2ge adulte \u00e0 la p\u00e9riode intra-ut\u00e9rine.<\/li>\n\n\n\n<li><strong>Exploration d\u2019une ou plusieurs vies ant\u00e9rieures<\/strong>, choisies par ton \u00e2me.<\/li>\n\n\n\n<li><strong>Entr\u00e9e dans l\u2019entre-vies<\/strong> \u2014 l\u2019espace spirituel o\u00f9 ton \u00e2me se ressource, rencontre ses guides, sa famille d\u2019\u00e2mes, et acc\u00e8de \u00e0 la biblioth\u00e8que akashique.<\/li>\n\n\n\n<li><strong>Rencontre avec le conseil des sages<\/strong>, o\u00f9 tu re\u00e7ois des r\u00e9ponses \u00e0 tes grandes questions existentielles.<\/li>\n\n\n\n<li><strong>Cl\u00f4ture et retour \u00e0 la conscience<\/strong>, suivi d\u2019un d\u00e9briefing doux et bienveillant.<\/li>\n<\/ol>\n\n\n\n<p>Tu es guid\u00e9e avec pr\u00e9cision, respect et neutralit\u00e9. Mon r\u00f4le est de <strong>te soutenir dans ton exp\u00e9rience sans jamais l\u2019influencer<\/strong> : ton \u00e2me sait exactement o\u00f9 aller et ce dont elle a besoin.<\/p>\n\n\n\n<figure class=\"wp-block-image size-large\"><img loading=\"lazy\" decoding=\"async\" width=\"714\" height=\"668\" src=\"https:\/\/enpleineveil.com\/wp-content\/uploads\/2025\/12\/7f0fdf18-9432-4248-bfbf-22220c59ccb21-edited.jpeg\" alt=\"\" class=\"wp-image-1195\" srcset=\"https:\/\/enpleineveil.com\/wp-content\/uploads\/2025\/12\/7f0fdf18-9432-4248-bfbf-22220c59ccb21-edited.jpeg 714w, https:\/\/enpleineveil.com\/wp-content\/uploads\/2025\/12\/7f0fdf18-9432-4248-bfbf-22220c59ccb21-edited-300x281.jpeg 300w\" sizes=\"auto, (max-width: 714px) 100vw, 714px\" \/><\/figure>\n\n\n\n<h2 class=\"wp-block-heading\"><mark style=\"background-color:#7bdcb5\" class=\"has-inline-color\">Une pr\u00e9paration essentielle<\/mark><\/h2>\n\n\n\n<p>Pour vivre pleinement cette exp\u00e9rience, une <strong>pr\u00e9paration \u00e9nerg\u00e9tique<\/strong> est recommand\u00e9e :<\/p>\n\n\n\n<ul class=\"wp-block-list\">\n<li>R\u00e9aliser un <strong>soin d\u2019harmonisation \u00e9nerg\u00e9tique<\/strong> dans les <strong>21 jours pr\u00e9c\u00e9dent la s\u00e9ance<\/strong> afin d\u2019\u00e9lever ton taux vibratoire. c&rsquo;est aussi l&rsquo;occasion de clarifier toutes tes interrogations.<\/li>\n\n\n\n<li>Pr\u00e9parer une <strong>liste de 6 \u00e0 10 questions<\/strong> que tu souhaites poser \u00e0 tes guides spirituels.<\/li>\n\n\n\n<li>Prendre soin de ton corps : repos la veille, alimentation l\u00e9g\u00e8re, \u00e9viter caf\u00e9, alcool ou excitants.<\/li>\n\n\n\n<li>Pr\u00e9voir des v\u00eatements confortables et un temps de calme apr\u00e8s la s\u00e9ance pour int\u00e9grer le processus.<\/li>\n\n\n\n<li>Tu peux enregistrer toute la s\u00e9ance avec ton t\u00e9l\u00e9phone pour la r\u00e9\u00e9couter ensuite, car les messages continuent souvent \u00e0 se d\u00e9ployer dans les semaines qui suivent.<\/li>\n<\/ul>\n\n\n\n<h2 class=\"wp-block-heading\">Apr\u00e8s la s\u00e9ance<\/h2>\n\n\n\n<p>L\u2019exp\u00e9rience est si riche qu\u2019un <strong>temps d\u2019int\u00e9gration<\/strong> est n\u00e9cessaire.<br>Un <strong>d\u00e9briefing individuel d\u2019une heure<\/strong> est pr\u00e9vu environ <strong>un mois plus tard<\/strong>, inclus dans le tarif de la s\u00e9ance.<br>Ce moment permet d\u2019approfondir les messages re\u00e7us et de les int\u00e9grer dans ta vie quotidienne.<\/p>\n\n\n\n<h2 class=\"wp-block-heading\">Une s\u00e9ance unique, pour toute une vie<\/h2>\n\n\n\n<p>L\u2019hypnose mission de vie est une <strong>exp\u00e9rience que l\u2019on vit une seule fois dans sa vie<\/strong>.<br>Elle agit comme un <strong>point de bascule<\/strong>, un r\u00e9alignement profond entre ton \u00e2me et ton chemin d\u2019incarnation.<\/p>\n\n\n\n<p>Cette s\u00e9ance demande une grande pr\u00e9sence, une concentration totale et un accompagnement expert.<br>Je ne r\u00e9alise qu\u2019une seule hypnose spirituelle par jour et  ma journ\u00e9e t&rsquo;es enti\u00e8rement consacr\u00e9e pour garantir une <strong>qualit\u00e9 d\u2019\u00e9coute et de guidance optimale<\/strong>.<\/p>\n\n\n\n<p>\ud83d\udd70\ufe0f <strong>Dur\u00e9e :<\/strong> 2h30 \u00e0 6h<br>\ud83d\udcb0 <strong>Tarif :<\/strong> 490 \u20ac (inclut la s\u00e9ance + le d\u00e9briefing un mois plus tard)<\/p>\n\n\n\n<h2 class=\"wp-block-heading\"><mark style=\"background-color:#7bdcb5\" class=\"has-inline-color\">Un accompagnement expert et professionnel<\/mark><\/h2>\n\n\n\n<p>Form\u00e9e \u00e0 diff\u00e9rentes approches d\u2019<strong>hypnose th\u00e9rapeutique et spirituelle<\/strong>, j\u2019ai tr\u00e8s vite compris \u00e0 quel point ce travail avec l\u2019\u00e2me d\u00e9passait tout ce que j\u2019avais pu explorer auparavant.<br>Au fil des ann\u00e9es et des s\u00e9ances, j\u2019ai vu se produire sous mes yeux de v\u00e9ritables renaissances, des lib\u00e9rations profondes, des compr\u00e9hensions lumineuses sur le sens de la vie\u2026<\/p>\n\n\n\n<p>C\u2019est ce chemin, \u00e0 la fois professionnel et profond\u00e9ment personnel, qui m\u2019a conduite \u00e0 <strong>me consacrer et  \u00e0 me sp\u00e9cialiser enti\u00e8rement \u00e0 l\u2019hypnose spirituelle dite \u201cmission de vie\u201d<\/strong>.<br>Aujourd\u2019hui, je n\u2019exerce plus <strong>que<\/strong> cette forme d\u2019hypnose \u2014 celle qui accompagne l\u2019\u00e2me dans son \u00e9volution, qui aide \u00e0 retrouver la coh\u00e9rence, la paix et la clart\u00e9 int\u00e9rieure.<\/p>\n\n\n\n<p>Mon parcours s\u2019appuie sur une solide formation en <strong>hypnose th\u00e9rapeutique, r\u00e9gressive et spirituelle<\/strong>, compl\u00e9t\u00e9e par plus de <strong>quinze ann\u00e9es de pratique \u00e9nerg\u00e9tique<\/strong> et d\u2019accompagnement de l\u2019humain dans sa globalit\u00e9.<\/p>\n\n\n\n<p>Chaque s\u00e9ance est un <strong>espace sacr\u00e9<\/strong>, o\u00f9 l\u2019on entre dans un dialogue d\u2019\u00e2me \u00e0 \u00e2me, avec respect, justesse et bienveillance.<br>Je te guide pas \u00e0 pas dans cette exploration de ton monde int\u00e9rieur, avec toute la pr\u00e9sence et la pr\u00e9cision que cette exp\u00e9rience unique m\u00e9rite.<\/p>\n\n\n\n<div class=\"wp-block-buttons is-layout-flex wp-block-buttons-is-layout-flex\">\n<div class=\"wp-block-button\"><a class=\"wp-block-button__link wp-element-button\" href=\"https:\/\/enpleineveil.com\/index.php\/qui-suis-je\/\">En savoir un peu plus sur moi<\/a><\/div>\n<\/div>\n\n\n\n<h2 class=\"wp-block-heading\">Tu sens l\u2019appel de ton \u00e2me ?<\/h2>\n\n\n\n<p>Si tu ressens cet appel int\u00e9rieur \u00e0 te reconnecter \u00e0 ton essence et \u00e0 ta mission profonde, je t\u2019invite \u00e0 vivre cette exp\u00e9rience exceptionnelle.<\/p>\n\n\n\n<p>\ud83d\udc49 <strong>R\u00e9serve ton hypnose Mission de Vie<\/strong><br>\ud83d\udcde 0476\/29.64.12 \u2013 \u2709\ufe0f <a>enpleineveil@gmail.com<\/a><\/p>\n\n\n\n<div style=\"display:flex; gap:12px; flex-wrap:wrap; justify-content:center; align-items:center;\">\n  <!-- Bouton Hypnose Mission de Vie -->\n  <a href=\"https:\/\/wa.me\/32476296412?text=Je%20voudrais%20en%20savoir%20plus%20sur%20l%27hypnose%20mission%20de%20vie.\" \n     target=\"_blank\" rel=\"noopener\" \n     style=\"display:inline-flex; align-items:center; gap:10px; background-color:#25D366; color:#fff; padding:12px 18px; border-radius:50px; text-decoration:none; font-weight:600; font-family:Arial, sans-serif; box-shadow:0 4px 12px rgba(0,0,0,0.12);\">\n    <span style=\"font-size:18px;\">\ud83d\udcac<\/span>\n    <span>Me contacter via WhatsApp<\/span>\n  <\/a>\n\n\n\n<div class=\"wp-block-buttons is-layout-flex wp-block-buttons-is-layout-flex\">\n<div class=\"wp-block-button\"><a class=\"wp-block-button__link wp-element-button\" href=\"https:\/\/enpleineveil.com\/\">Retour \u00e0 la page d&rsquo;accueil<\/a><\/div>\n<\/div>\n","protected":false},"excerpt":{"rendered":"<p>Une exp\u00e9rience spirituelle profonde de reconnexion \u00e0 ton \u00e2me Retrouver le sens profond de ton existence Et si tu pouvais comprendre pourquoi ton \u00e2me a choisi de s\u2019incarner dans cette vie, dans ce corps, avec ces d\u00e9fis ?L\u2019hypnose mission de vie est une exp\u00e9rience unique et transformatrice qui te permet d\u2019acc\u00e9der \u00e0 la m\u00e9moire de &hellip; <\/p>\n<p class=\"link-more\"><a href=\"https:\/\/enpleineveil.com\/index.php\/hypnose-mission-de-vie\/\" class=\"more-link\">Continuer la lecture<span class=\"screen-reader-text\"> de &laquo;&nbsp;Hypnose \u00ab\u00a0Mission de Vie\u00a0\u00bb&nbsp;&raquo;<\/span><\/a><\/p>\n","protected":false},"author":1,"featured_media":0,"parent":0,"menu_order":0,"comment_status":"closed","ping_status":"closed","template":"","meta":{"footnotes":""},"class_list":["post-1052","page","type-page","status-publish","hentry"],"_links":{"self":[{"href":"https:\/\/enpleineveil.com\/index.php\/wp-json\/wp\/v2\/pages\/1052","targetHints":{"allow":["GET"]}}],"collection":[{"href":"https:\/\/enpleineveil.com\/index.php\/wp-json\/wp\/v2\/pages"}],"about":[{"href":"https:\/\/enpleineveil.com\/index.php\/wp-json\/wp\/v2\/types\/page"}],"author":[{"embeddable":true,"href":"https:\/\/enpleineveil.com\/index.php\/wp-json\/wp\/v2\/users\/1"}],"replies":[{"embeddable":true,"href":"https:\/\/enpleineveil.com\/index.php\/wp-json\/wp\/v2\/comments?post=1052"}],"version-history":[{"count":13,"href":"https:\/\/enpleineveil.com\/index.php\/wp-json\/wp\/v2\/pages\/1052\/revisions"}],"predecessor-version":[{"id":1200,"href":"https:\/\/enpleineveil.com\/index.php\/wp-json\/wp\/v2\/pages\/1052\/revisions\/1200"}],"wp:attachment":[{"href":"https:\/\/enpleineveil.com\/index.php\/wp-json\/wp\/v2\/media?parent=1052"}],"curies":[{"name":"wp","href":"https:\/\/api.w.org\/{rel}","templated":true}]}}