{"id":1309,"date":"2025-12-07T11:57:15","date_gmt":"2025-12-07T10:57:15","guid":{"rendered":"https:\/\/enpleineveil.com\/?page_id=1309"},"modified":"2025-12-17T11:24:51","modified_gmt":"2025-12-17T10:24:51","slug":"relaxation-sonore-aquatique-aquatische-klankontspanning","status":"publish","type":"page","link":"https:\/\/enpleineveil.com\/index.php\/relaxation-sonore-aquatique-aquatische-klankontspanning\/","title":{"rendered":"Relaxation Sonore Aquatique \u2013 Aquatische Klankontspanning"},"content":{"rendered":"\n<h2 class=\"wp-block-heading\">Relaxation Sonore Aquatique \u2013 Aquatische Klankontspanning<\/h2>\n\n\n\n<p><strong>Vendredi 6 f\u00e9vrier 2025 \u2013 Vrijdag 6 februari 2025<\/strong><br><strong>20h \u2013 20u<\/strong><br><strong>Sportoase \u2013 Zwembad Halle<\/strong><\/p>\n\n\n\n<figure class=\"wp-block-image size-large\"><img loading=\"lazy\" decoding=\"async\" width=\"724\" height=\"1024\" src=\"https:\/\/enpleineveil.com\/wp-content\/uploads\/2025\/12\/Relaxation-aquatique1-724x1024.png\" alt=\"\" class=\"wp-image-1310\" srcset=\"https:\/\/enpleineveil.com\/wp-content\/uploads\/2025\/12\/Relaxation-aquatique1-724x1024.png 724w, https:\/\/enpleineveil.com\/wp-content\/uploads\/2025\/12\/Relaxation-aquatique1-212x300.png 212w, https:\/\/enpleineveil.com\/wp-content\/uploads\/2025\/12\/Relaxation-aquatique1-768x1086.png 768w, https:\/\/enpleineveil.com\/wp-content\/uploads\/2025\/12\/Relaxation-aquatique1-1086x1536.png 1086w, https:\/\/enpleineveil.com\/wp-content\/uploads\/2025\/12\/Relaxation-aquatique1.png 1414w\" sizes=\"auto, (max-width: 724px) 100vw, 724px\" \/><\/figure>\n\n\n\n<hr class=\"wp-block-separator has-alpha-channel-opacity\"\/>\n\n\n\n<h2 class=\"wp-block-heading\">Une exp\u00e9rience unique de d\u00e9tente profonde<\/h2>\n\n\n\n<p><em>Een unieke ervaring van diepe ontspanning<\/em><\/p>\n\n\n\n<p>Allonge-toi sur un matelas flottant et laisse l\u2019eau et les sons t\u2019envelopper\u2026<br><em>Ga liggen op een drijvende luchtmatras en laat je wiegen door het water en de klanken\u2026<\/em><\/p>\n\n\n\n<p>Ferme les yeux, respire, et laisse les vibrations des bols, carillons et instruments vibratoires se diffuser dans tout ton corps.<br><em>Sluit je ogen, adem rustig, en laat de vibraties van klankschalen, kristallen en andere instrumenten door je hele lichaam bewegen.<\/em><\/p>\n\n\n\n<p>Une immersion sonore et aquatique rare, qui rel\u00e2che le corps, apaise le mental et t\u2019invite \u00e0 un vrai l\u00e2cher-prise.<br><em>Een zeldzame klank- en waterervaring die het lichaam ontspant, de geest verlicht en je uitnodigt om volledig los te laten.<\/em><\/p>\n\n\n\n<hr class=\"wp-block-separator has-alpha-channel-opacity\"\/>\n\n\n\n<h2 class=\"wp-block-heading\">\ud83d\udcab Ce qui t\u2019attend<\/h2>\n\n\n\n<p><em>Wat je kunt verwachten<\/em><\/p>\n\n\n\n<ul class=\"wp-block-list\">\n<li>Un voyage sensoriel sur matelas flottant<br><em>Een zintuiglijke reis op een drijvende matras<\/em><\/li>\n\n\n\n<li>Les sons doux et enveloppants des bols et carillons<br><em>Zachte en omhullende klanken van schalen en klankinstrumenten<\/em><\/li>\n\n\n\n<li>Une d\u00e9tente profonde amplifi\u00e9e par l\u2019eau<br><em>Een diepe ontspanning die door het water wordt versterkt<\/em><\/li>\n\n\n\n<li>Une ambiance s\u00e9curis\u00e9e, chaleureuse et tamis\u00e9e<br><em>Een veilige, warme en rustige sfeer<\/em><\/li>\n<\/ul>\n\n\n\n<hr class=\"wp-block-separator has-alpha-channel-opacity\"\/>\n\n\n\n<h2 class=\"wp-block-heading\">\ud83d\udccd Informations pratiques<\/h2>\n\n\n\n<p><em>Praktische informatie<\/em><\/p>\n\n\n\n<p>\u27a1\ufe0f <strong>Vendredi 6 f\u00e9vrier 2025 \u2013 \u00e0 20h<\/strong><br>\u27a1\ufe0f <em>Vrijdag 6 februari 2025 \u2013 om 20u<\/em><\/p>\n\n\n\n<p>\u27a1\ufe0f <strong>Sportoase \u2013 Zwembad Halle<\/strong><\/p>\n\n\n\n<hr class=\"wp-block-separator has-alpha-channel-opacity\"\/>\n\n\n\n<h2 class=\"wp-block-heading\">\ud83d\udcb6 Tarif<\/h2>\n\n\n\n<p><em>Prijs<\/em><\/p>\n\n\n\n<ul class=\"wp-block-list\">\n<li><strong>50 \u20ac<\/strong> pour la s\u00e9ance<br><em>50 \u20ac voor de sessie<\/em><\/li>\n\n\n\n<li><strong>+ entr\u00e9e piscine<\/strong> \u00e0 payer directement \u00e0 Sportoase<br><em>+ toegang tot het zwembad, ter plaatse te betalen bij Sportoase<\/em><\/li>\n<\/ul>\n\n\n\n<hr class=\"wp-block-separator has-alpha-channel-opacity\"\/>\n\n\n\n<h2 class=\"wp-block-heading\">\u26a0\ufe0f Places limit\u00e9es<\/h2>\n\n\n\n<p><em>Beperkte plaatsen<\/em><\/p>\n\n\n\n<p>Pour garantir une exp\u00e9rience intime et confortable, les places sont limit\u00e9es.<br><em>Naar aanleiding van de kwaliteit van de ervaring zijn de plaatsen bewust beperkt.<\/em><\/p>\n\n\n\n<p><strong>Merci de me contacter avant de r\u00e9server pour v\u00e9rifier les disponibilit\u00e9s.<\/strong><br><em>Gelieve vooraf contact op te nemen om te bevestigen of er nog plaats is.<\/em><\/p>\n\n\n\n<hr class=\"wp-block-separator has-alpha-channel-opacity\"\/>\n\n\n\n<h2 class=\"wp-block-heading\">\ud83d\udce9 R\u00e9servations \u2013 Reservaties<\/h2>\n\n\n\n<div style=\"display:flex;flex-direction:column;gap:16px;max-width:480px;margin:20px auto;font-family:Arial, sans-serif;\">\n\n    <a \n        href=\"https:\/\/wa.me\/32476296412?text=Hallo%2C+ik+wil+graag+weten+of+er+nog+plaatsen+beschikbaar+zijn+voor+de+aquatische+klankontspanning+op+vrijdag+6+februari+om+20u.\" \n        target=\"_blank\"\n        style=\"display:block;padding:14px 20px;text-align:center;background:#128C7E;color:white;font-size:18px;font-weight:600;border-radius:10px;text-decoration:none;\">\n        \ud83d\udcac Beschikbaarheid controleren\n    <\/a>\n\n    <a \n        href=\"https:\/\/wa.me\/32476296412?text=Bonjour%2C+je+souhaiterais+savoir+s%27il+reste+des+places+disponibles+pour+la+relaxation+sonore+aquatique+du+vendredi+6+f\u00e9vrier+\u00e0+20h.\" \n        target=\"_blank\"\n        style=\"display:block;padding:14px 20px;text-align:center;background:#25D366;color:white;font-size:18px;font-weight:600;border-radius:10px;text-decoration:none;\">\n        \ud83d\udcac V\u00e9rifier les places disponibles\n    <\/a>\n\n    <a \n        href=\"https:\/\/forms.gle\/C32B6hJJgoDY3PML9\" \n        target=\"_blank\"\n        style=\"display:block;padding:14px 20px;text-align:center;background:#0057FF;color:white;font-size:18px;font-weight:600;border-radius:10px;text-decoration:none;line-height:1.4;\">\n        \ud83d\udcdd S\u2019inscrire (uniquement apr\u00e8s confirmation de la disponibilit\u00e9)<br>\n        <span style=\"font-size:16px;opacity:0.9;\">Inschrijven (enkel na bevestiging van de beschikbaarheid)<\/span>\n    <\/a>\n\n    <p style=\"font-size:14px;color:#333;margin:0;text-align:center;line-height:1.4;\">\n        Merci d&rsquo;utiliser ce formulaire uniquement apr\u00e8s ma confirmation du nombre de places.<br>\n        <em>Gebruik dit formulier alleen nadat ik de beschikbaarheid heb bevestigd.<\/em>\n    <\/p>\n\n<\/div>\n\n\n\n<p><strong>Sandrine Menu \u2013 En Plein \u00c9veil<\/strong><br>\ud83d\udcde 0476\/29.64.12<br>\ud83d\udce7 <a>enpleineveil@gmail.com<\/a><br><\/p>\n\n\n\n<p>Je me r\u00e9jouis de t\u2019accueillir pour cette parenth\u00e8se profond\u00e9ment ressour\u00e7ante.<br><em>Ik kijk ernaar uit je te ontvangen voor dit diep rustgevend moment.<\/em><\/p>\n\n\n\n<hr class=\"wp-block-separator has-alpha-channel-opacity\"\/>\n\n\n\n<p><\/p>\n","protected":false},"excerpt":{"rendered":"<p>Relaxation Sonore Aquatique \u2013 Aquatische Klankontspanning Vendredi 6 f\u00e9vrier 2025 \u2013 Vrijdag 6 februari 202520h \u2013 20uSportoase \u2013 Zwembad Halle Une exp\u00e9rience unique de d\u00e9tente profonde Een unieke ervaring van diepe ontspanning Allonge-toi sur un matelas flottant et laisse l\u2019eau et les sons t\u2019envelopper\u2026Ga liggen op een drijvende luchtmatras en laat je wiegen door het &hellip; <\/p>\n<p class=\"link-more\"><a href=\"https:\/\/enpleineveil.com\/index.php\/relaxation-sonore-aquatique-aquatische-klankontspanning\/\" class=\"more-link\">Continuer la lecture<span class=\"screen-reader-text\"> de &laquo;&nbsp;Relaxation Sonore Aquatique \u2013 Aquatische Klankontspanning&nbsp;&raquo;<\/span><\/a><\/p>\n","protected":false},"author":1,"featured_media":0,"parent":0,"menu_order":0,"comment_status":"closed","ping_status":"closed","template":"","meta":{"footnotes":""},"class_list":["post-1309","page","type-page","status-publish","hentry"],"_links":{"self":[{"href":"https:\/\/enpleineveil.com\/index.php\/wp-json\/wp\/v2\/pages\/1309","targetHints":{"allow":["GET"]}}],"collection":[{"href":"https:\/\/enpleineveil.com\/index.php\/wp-json\/wp\/v2\/pages"}],"about":[{"href":"https:\/\/enpleineveil.com\/index.php\/wp-json\/wp\/v2\/types\/page"}],"author":[{"embeddable":true,"href":"https:\/\/enpleineveil.com\/index.php\/wp-json\/wp\/v2\/users\/1"}],"replies":[{"embeddable":true,"href":"https:\/\/enpleineveil.com\/index.php\/wp-json\/wp\/v2\/comments?post=1309"}],"version-history":[{"count":4,"href":"https:\/\/enpleineveil.com\/index.php\/wp-json\/wp\/v2\/pages\/1309\/revisions"}],"predecessor-version":[{"id":1385,"href":"https:\/\/enpleineveil.com\/index.php\/wp-json\/wp\/v2\/pages\/1309\/revisions\/1385"}],"wp:attachment":[{"href":"https:\/\/enpleineveil.com\/index.php\/wp-json\/wp\/v2\/media?parent=1309"}],"curies":[{"name":"wp","href":"https:\/\/api.w.org\/{rel}","templated":true}]}}