{"id":1365,"date":"2025-12-11T19:28:18","date_gmt":"2025-12-11T18:28:18","guid":{"rendered":"https:\/\/enpleineveil.com\/?page_id=1365"},"modified":"2025-12-11T21:03:04","modified_gmt":"2025-12-11T20:03:04","slug":"healing-sessions","status":"publish","type":"page","link":"https:\/\/enpleineveil.com\/index.php\/healing-sessions\/","title":{"rendered":"Healing Sessions"},"content":{"rendered":"\n<p>Un voyage int\u00e9rieur port\u00e9 par la vibration**<\/p>\n\n\n\n<figure class=\"wp-block-image size-large\"><a href=\"https:\/\/www.newtadema.be\/\"><img loading=\"lazy\" decoding=\"async\" width=\"1024\" height=\"1024\" src=\"http:\/\/enpleineveil.com\/wp-content\/uploads\/2025\/12\/16-1024x1024.png\" alt=\"\" class=\"wp-image-1352\" srcset=\"https:\/\/enpleineveil.com\/wp-content\/uploads\/2025\/12\/16-1024x1024.png 1024w, https:\/\/enpleineveil.com\/wp-content\/uploads\/2025\/12\/16-300x300.png 300w, https:\/\/enpleineveil.com\/wp-content\/uploads\/2025\/12\/16-150x150.png 150w, https:\/\/enpleineveil.com\/wp-content\/uploads\/2025\/12\/16-768x768.png 768w, https:\/\/enpleineveil.com\/wp-content\/uploads\/2025\/12\/16-100x100.png 100w, https:\/\/enpleineveil.com\/wp-content\/uploads\/2025\/12\/16.png 1200w\" sizes=\"auto, (max-width: 767px) 89vw, (max-width: 1000px) 54vw, (max-width: 1071px) 543px, 580px\" \/><\/a><\/figure>\n\n\n\n<p>Dans le silence feutr\u00e9 des New Thermen Tadema, la Healing Session commence d\u00e8s l\u2019instant o\u00f9 tu t\u2019allonges sur ton transat. La lumi\u00e8re se fait douce, l\u2019air calme, comme si tout autour de toi retenait son souffle pour t\u2019offrir un espace o\u00f9 enfin\u2026 tu peux d\u00e9poser ce qui p\u00e8se.<\/p>\n\n\n\n<p>Pendant <strong>25 minutes<\/strong>, les instruments vibratoires se r\u00e9pondent, s\u2019\u00e9l\u00e8vent, murmurent, ondulent.<br>Les sons voyagent dans la pi\u00e8ce comme des vagues invisibles, tant\u00f4t profondes, tant\u00f4t cristallines, glissant le long du corps pour d\u00e9tendre, harmoniser, rel\u00e2cher, r\u00e9aligner.<br>Tu sens la respiration se ralentir, les \u00e9paules se d\u00e9nouer, le mental s\u2019apaiser.<\/p>\n\n\n\n<p>C\u2019est un moment o\u00f9 tout devient simple : tu ne fais rien, tu te laisses juste traverser\u2026 et quelque chose en toi commence \u00e0 se r\u00e9organiser, naturellement.<\/p>\n\n\n\n<p>Pour pr\u00e9server cette bulle, il est demand\u00e9 de <strong>rester dans le calme et d\u2019attendre la fin de la session<\/strong> avant de quitter la salle, afin de respecter le voyage int\u00e9rieur de chacun.<br>Les <strong>places sont limit\u00e9es<\/strong>, volontairement, pour offrir une exp\u00e9rience intime et d\u2019une grande qualit\u00e9 vibratoire.<\/p>\n\n\n\n<figure class=\"wp-block-image size-large\"><img loading=\"lazy\" decoding=\"async\" width=\"1024\" height=\"1024\" src=\"http:\/\/enpleineveil.com\/wp-content\/uploads\/2025\/12\/9-1024x1024.png\" alt=\"\" class=\"wp-image-1345\" srcset=\"https:\/\/enpleineveil.com\/wp-content\/uploads\/2025\/12\/9-1024x1024.png 1024w, https:\/\/enpleineveil.com\/wp-content\/uploads\/2025\/12\/9-300x300.png 300w, https:\/\/enpleineveil.com\/wp-content\/uploads\/2025\/12\/9-150x150.png 150w, https:\/\/enpleineveil.com\/wp-content\/uploads\/2025\/12\/9-768x768.png 768w, https:\/\/enpleineveil.com\/wp-content\/uploads\/2025\/12\/9-100x100.png 100w, https:\/\/enpleineveil.com\/wp-content\/uploads\/2025\/12\/9.png 1200w\" sizes=\"auto, (max-width: 767px) 89vw, (max-width: 1000px) 54vw, (max-width: 1071px) 543px, 580px\" \/><\/figure>\n\n\n\n<hr class=\"wp-block-separator has-alpha-channel-opacity\"\/>\n\n\n\n<h2 class=\"wp-block-heading\"><strong><a href=\"https:\/\/www.newtadema.be\/experience-details?experienceId=6916e629-0c58-4bd5-ba96-174846c04fde&amp;referrer=experiences-list\" class=\"ek-link\">R\u00e9server sa place <\/a>: un petit rituel simple et charmant<\/strong><\/h2>\n\n\n\n<p>Le jour de la session, un petit panier t\u2019attend <strong>au bar des <\/strong><a href=\"https:\/\/www.newtadema.be\/experience-details?experienceId=6916e629-0c58-4bd5-ba96-174846c04fde&amp;referrer=experiences-list\" class=\"ek-link\"><strong>Thermen<\/strong> <strong>Tadema.<\/strong><\/a><br>\u00c0 l\u2019int\u00e9rieur : de jolis porte-cl\u00e9s, chacun repr\u00e9sentant <strong>un transat<\/strong> et portant <strong>l\u2019heure de la session<\/strong> (certaines journ\u00e9es en proposent plusieurs).<\/p>\n\n\n\n<p>Tu choisis le tien, et ta place est r\u00e9serv\u00e9e.<br>\u00c0 l\u2019heure indiqu\u00e9e, tu rejoins la <strong>salle de repos chauff\u00e9e du jardin<\/strong>, tu t\u2019installes, tu fermes les yeux\u2026<br>Et le voyage commence presque sans que tu t\u2019en rendes compte.<\/p>\n\n\n\n<hr class=\"wp-block-separator has-alpha-channel-opacity\"\/>\n\n\n\n<figure class=\"wp-block-image size-large\"><img loading=\"lazy\" decoding=\"async\" width=\"1024\" height=\"1024\" src=\"http:\/\/enpleineveil.com\/wp-content\/uploads\/2025\/12\/11-1024x1024.png\" alt=\"\" class=\"wp-image-1347\" srcset=\"https:\/\/enpleineveil.com\/wp-content\/uploads\/2025\/12\/11-1024x1024.png 1024w, https:\/\/enpleineveil.com\/wp-content\/uploads\/2025\/12\/11-300x300.png 300w, https:\/\/enpleineveil.com\/wp-content\/uploads\/2025\/12\/11-150x150.png 150w, https:\/\/enpleineveil.com\/wp-content\/uploads\/2025\/12\/11-768x768.png 768w, https:\/\/enpleineveil.com\/wp-content\/uploads\/2025\/12\/11-100x100.png 100w, https:\/\/enpleineveil.com\/wp-content\/uploads\/2025\/12\/11.png 1200w\" sizes=\"auto, (max-width: 767px) 89vw, (max-width: 1000px) 54vw, (max-width: 1071px) 543px, 580px\" \/><\/figure>\n\n\n\n<h2 class=\"wp-block-heading\"><strong>Envie d\u2019aller plus loin ?<\/strong><\/h2>\n\n\n\n<p>Si ce moment t\u2019a touch\u00e9, tu peux d\u00e9couvrir tout un univers qui va bien au-del\u00e0 de ces 25 minutes.<br>Je propose des <strong><a href=\"https:\/\/enpleineveil.com\/index.php\/soin-energetique\/\" class=\"ek-link\">soins \u00e9nerg\u00e9tiques personnalis\u00e9s<\/a><\/strong>, puissants et profonds, ainsi que des <strong><a href=\"https:\/\/enpleineveil.com\/index.php\/rituels-celebrations\/\" class=\"ek-link\">\u00e9v\u00e9nements vibratoires et transformationnels<\/a><\/strong> :<\/p>\n\n\n\n<p>\u2728 voyages sonores immersifs<br>\u2728 c\u00e9r\u00e9monies (pleine lune, solstice, \u00e9quinoxe \u2013 avec feu sacr\u00e9, cacao et voyage sonore)<br>\u2728 harmonisations aquatiques<br>\u2728 relaxations sonores sur l\u2019eau<br>\u2728 ateliers th\u00e9matiques et exp\u00e9riences intuitives<\/p>\n\n\n\n<p>Et pour ceux qui sentent l\u2019appel d\u2019ouvrir leur propre chemin :<br>des <strong>formations \u00e9nerg\u00e9tiques compl\u00e8tes<\/strong>, pens\u00e9es pour r\u00e9v\u00e9ler le th\u00e9rapeute qui sommeille en eux.<\/p>\n\n\n\n<p>Tout cela est accessible depuis <a href=\"https:\/\/enpleineveil.com\/index.php\/qui-suis-je\/\" class=\"ek-link\">mon site<\/a>, pour ceux qui souhaitent explorer davantage mon univers \u00e9nerg\u00e9tique et vibratoire.<\/p>\n\n\n\n<h1 class=\"wp-block-heading\"><mark style=\"background-color:#7bdcb5\" class=\"has-inline-color\">Healing Sessions in de <a href=\"https:\/\/www.newtadema.be\/\" class=\"ek-link\">Thermen TADEM<\/a>A<\/mark><\/h1>\n\n\n\n<p>Een innerlijke reis gedragen door vibratie**<\/p>\n\n\n\n<p>In de zachte stilte van de <a href=\"https:\/\/www.newtadema.be\/\" class=\"ek-link\">Thermen TADEMA<\/a> begint de Healing Session zodra je op je ligstoel plaatsneemt. Het licht wordt warm en rustgevend, de ruimte lijkt zichzelf te omhullen in stilte, alsof alles rondom jou een heilige pauze neemt om je een plek te bieden waar je eindelijk\u2026 kunt loslaten.<\/p>\n\n\n\n<p>Gedurende <strong>25 minuten<\/strong> bewegen de vibrerende instrumenten zich door de ruimte: soms diep en omhullend, soms helder en licht.<br>De klanken golven door de zaal, glijden langs je lichaam, ontspannen, harmoniseren en brengen opnieuw in balans.<br>Je adem vertraagt, je schouders zakken, je gedachten worden stiller.<\/p>\n\n\n\n<p>Het is een moment waarin alles eenvoudiger wordt: je hoeft niets te doen, je laat je enkel dragen\u2026 en iets in jou begint vanzelf weer te openen en te herstellen.<\/p>\n\n\n\n<p>Om deze cocon te bewaren, wordt gevraagd om <strong>in stilte te blijven en de zaal pas te verlaten wanneer de sessie volledig is afgerond<\/strong>, uit respect voor het innerlijke proces van iedereen.<br>De <strong>plaatsen zijn beperkt<\/strong>, bewust, zodat iedere deelnemer een intieme ervaring van hoge kwaliteit kan beleven.<\/p>\n\n\n\n<hr class=\"wp-block-separator has-alpha-channel-opacity\"\/>\n\n\n\n<h2 class=\"wp-block-heading\"><strong>Je plaats reserveren: een klein en sfeervol ritueeltje<\/strong><\/h2>\n\n\n\n<p>Op de dag van de sessie staat er <strong>aan de bar van de Thermen<\/strong> een mandje klaar.<br>Binnenin vind je mooie sleutelhangers, elk symbool voor <strong>\u00e9\u00e9n ligstoel<\/strong>, met daarop het <strong>tijdstip van de sessie<\/strong> (soms zijn er meerdere sessies op \u00e9\u00e9n dag).<\/p>\n\n\n\n<p>Je kiest er eentje uit, en jouw plek is gereserveerd.<br>Op het aangegeven tijdstip wandel je naar de <strong>verwarmde rustruimte in de tuin<\/strong>, je gaat rustig liggen, sluit je ogen\u2026<br>En voor je het weet, begint jouw innerlijke reis.<\/p>\n\n\n\n<hr class=\"wp-block-separator has-alpha-channel-opacity\"\/>\n\n\n\n<h2 class=\"wp-block-heading\"><strong>Wil je verder verdiepen?<\/strong><\/h2>\n\n\n\n<p>Als dit moment iets in jou heeft aangeraakt, is er een hele wereld om te ontdekken die veel verder gaat dan deze 25 minuten.<br>Ik bied <strong><a href=\"https:\/\/enpleineveil.com\/index.php\/soin-energetique\/\" class=\"ek-link\">persoonlijke energetische behandelingen<\/a><\/strong> aan, diepgaand en op maat, evenals een reeks <strong><a href=\"https:\/\/enpleineveil.com\/index.php\/rituels-celebrations\/\" class=\"ek-link\">vibrerende en transformerende evenementen<\/a><\/strong>:<\/p>\n\n\n\n<p>\u2728 diepe sound journeys<br>\u2728 ceremonies (volle maan, zonnewende, equinox \u2013 met heilig vuur, cacao en sound journey)<br>\u2728 aquatische harmonisatie<br>\u2728 ontspannende klankbeleving op het water<br>\u2728 thematische workshops en intu\u00eftieve ervaringen<\/p>\n\n\n\n<p>En voor wie voelt dat het tijd is om hun eigen pad te openen:<br><strong>energetische opleidingen<\/strong>, ontworpen om de therapeut in jezelf te ontwaken.<\/p>\n\n\n\n<p>Alles is terug te vinden op <a href=\"https:\/\/enpleineveil.com\/index.php\/qui-suis-je\/\" class=\"ek-link\">mijn website<\/a>, voor wie mijn energetische en vibrerende universum verder wil verkennen.<\/p>\n","protected":false},"excerpt":{"rendered":"<p>Un voyage int\u00e9rieur port\u00e9 par la vibration** Dans le silence feutr\u00e9 des New Thermen Tadema, la Healing Session commence d\u00e8s l\u2019instant o\u00f9 tu t\u2019allonges sur ton transat. La lumi\u00e8re se fait douce, l\u2019air calme, comme si tout autour de toi retenait son souffle pour t\u2019offrir un espace o\u00f9 enfin\u2026 tu peux d\u00e9poser ce qui p\u00e8se. &hellip; <\/p>\n<p class=\"link-more\"><a href=\"https:\/\/enpleineveil.com\/index.php\/healing-sessions\/\" class=\"more-link\">Continuer la lecture<span class=\"screen-reader-text\"> de &laquo;&nbsp;Healing Sessions&nbsp;&raquo;<\/span><\/a><\/p>\n","protected":false},"author":1,"featured_media":0,"parent":0,"menu_order":0,"comment_status":"closed","ping_status":"closed","template":"","meta":{"footnotes":""},"class_list":["post-1365","page","type-page","status-publish","hentry"],"_links":{"self":[{"href":"https:\/\/enpleineveil.com\/index.php\/wp-json\/wp\/v2\/pages\/1365","targetHints":{"allow":["GET"]}}],"collection":[{"href":"https:\/\/enpleineveil.com\/index.php\/wp-json\/wp\/v2\/pages"}],"about":[{"href":"https:\/\/enpleineveil.com\/index.php\/wp-json\/wp\/v2\/types\/page"}],"author":[{"embeddable":true,"href":"https:\/\/enpleineveil.com\/index.php\/wp-json\/wp\/v2\/users\/1"}],"replies":[{"embeddable":true,"href":"https:\/\/enpleineveil.com\/index.php\/wp-json\/wp\/v2\/comments?post=1365"}],"version-history":[{"count":4,"href":"https:\/\/enpleineveil.com\/index.php\/wp-json\/wp\/v2\/pages\/1365\/revisions"}],"predecessor-version":[{"id":1380,"href":"https:\/\/enpleineveil.com\/index.php\/wp-json\/wp\/v2\/pages\/1365\/revisions\/1380"}],"wp:attachment":[{"href":"https:\/\/enpleineveil.com\/index.php\/wp-json\/wp\/v2\/media?parent=1365"}],"curies":[{"name":"wp","href":"https:\/\/api.w.org\/{rel}","templated":true}]}}