{"id":360,"date":"2023-08-29T20:50:25","date_gmt":"2023-08-29T18:50:25","guid":{"rendered":"http:\/\/enpleineveil.com\/?page_id=360"},"modified":"2024-06-03T15:18:11","modified_gmt":"2024-06-03T13:18:11","slug":"voyage-sonore-de-groupe","status":"publish","type":"page","link":"https:\/\/enpleineveil.com\/index.php\/voyage-sonore-de-groupe\/","title":{"rendered":"Voyage sonore de groupe"},"content":{"rendered":"\n<figure class=\"wp-block-image size-large is-resized\"><img loading=\"lazy\" decoding=\"async\" width=\"930\" height=\"1024\" src=\"http:\/\/enpleineveil.com\/wp-content\/uploads\/2023\/08\/image_50764545-930x1024.jpg\" alt=\"\" class=\"wp-image-364\" style=\"width:489px;height:538px\" srcset=\"https:\/\/enpleineveil.com\/wp-content\/uploads\/2023\/08\/image_50764545-930x1024.jpg 930w, https:\/\/enpleineveil.com\/wp-content\/uploads\/2023\/08\/image_50764545-272x300.jpg 272w, https:\/\/enpleineveil.com\/wp-content\/uploads\/2023\/08\/image_50764545-768x846.jpg 768w, https:\/\/enpleineveil.com\/wp-content\/uploads\/2023\/08\/image_50764545-1394x1536.jpg 1394w, https:\/\/enpleineveil.com\/wp-content\/uploads\/2023\/08\/image_50764545-1859x2048.jpg 1859w\" sizes=\"auto, (max-width: 767px) 89vw, (max-width: 1000px) 54vw, (max-width: 1071px) 543px, 580px\" \/><\/figure>\n\n\n\n<p>Plongez dans une exp\u00e9rience sensorielle unique et transformante en vous inscrivant d\u00e8s maintenant \u00e0 notre voyage sonore de groupe. Imaginez-vous berc\u00e9 par les douces vibrations des bols tib\u00e9tains, les rythmes envo\u00fbtants des tambours chamaniques, et la r\u00e9sonance puissante des gongs, le tout dans une symphonie harmonieuse qui \u00e9veille les sens et apaise l&rsquo;\u00e2me.<\/p>\n\n\n\n<p>Chaque voyage sonore est bien plus qu&rsquo;une simple exp\u00e9rience auditive. C&rsquo;est un voyage profond \u00e0 l&rsquo;int\u00e9rieur de vous-m\u00eame, guid\u00e9 par un th\u00e8me pr\u00e9cis qui touche les fibres m\u00eame de votre \u00eatre. Que vous souhaitiez renforcer votre confiance en vous, apprendre \u00e0 l\u00e2cher prise ou ma\u00eetriser la gestion du stress, chaque s\u00e9ance est soigneusement con\u00e7ue pour vous emmener vers un \u00e9tat de bien-\u00eatre et de transformation.<\/p>\n\n\n\n<figure class=\"wp-block-image size-large\"><img loading=\"lazy\" decoding=\"async\" width=\"1024\" height=\"577\" src=\"http:\/\/enpleineveil.com\/wp-content\/uploads\/2023\/10\/formation-lahochi4-1024x577.png\" alt=\"\" class=\"wp-image-660\" srcset=\"https:\/\/enpleineveil.com\/wp-content\/uploads\/2023\/10\/formation-lahochi4-1024x577.png 1024w, https:\/\/enpleineveil.com\/wp-content\/uploads\/2023\/10\/formation-lahochi4-300x169.png 300w, https:\/\/enpleineveil.com\/wp-content\/uploads\/2023\/10\/formation-lahochi4-768x433.png 768w, https:\/\/enpleineveil.com\/wp-content\/uploads\/2023\/10\/formation-lahochi4-1536x865.png 1536w, https:\/\/enpleineveil.com\/wp-content\/uploads\/2023\/10\/formation-lahochi4.png 1640w\" sizes=\"auto, (max-width: 767px) 89vw, (max-width: 1000px) 54vw, (max-width: 1071px) 543px, 580px\" \/><\/figure>\n\n\n\n<p>Ce n&rsquo;est pas tout. Notre voyage sonore va au-del\u00e0 du son. Il est enrichi par l&rsquo;\u00e9nergie des cristaux qui vous entourent, amplifiant les vibrations positives et vous connectant \u00e0 la terre. Les huiles essentielles choisies avec pr\u00e9cision pour chaque voyage ajoutent une dimension olfactive et th\u00e9rapeutique, cr\u00e9ant ainsi un environnement propice \u00e0 l&rsquo;\u00e9panouissement personnel.<\/p>\n\n\n\n<p>En rejoignant notre groupe, vous ne faites pas que participer \u00e0 un \u00e9v\u00e9nement. Vous rejoignez une communaut\u00e9 de chercheurs de paix int\u00e9rieure, de bien-\u00eatre et d&rsquo;exploration personnelle. Vous partagez un espace sacr\u00e9 avec d&rsquo;autres \u00e2mes curieuses et bienveillantes, cr\u00e9ant ainsi une atmosph\u00e8re de soutien et de partage.<\/p>\n\n\n\n<p>N&rsquo;attendez plus pour vous inscrire et r\u00e9server votre place pour cette exp\u00e9rience transcendante. Laissez les vibrations vous guider, les cristaux vous envelopper et les huiles essentielles vous apaiser. Reconnectez-vous \u00e0 votre essence profonde et explorez les merveilles qui se cachent en vous. Nous vous invitons \u00e0 nous rejoindre pour une aventure sonore et spirituelle inoubliable.<\/p>\n\n\n\n<figure class=\"wp-block-image size-large is-resized\"><img loading=\"lazy\" decoding=\"async\" width=\"721\" height=\"1024\" src=\"http:\/\/enpleineveil.com\/wp-content\/uploads\/2023\/08\/image_64873279-721x1024.jpg\" alt=\"\" class=\"wp-image-363\" style=\"width:400px;height:568px\" srcset=\"https:\/\/enpleineveil.com\/wp-content\/uploads\/2023\/08\/image_64873279-721x1024.jpg 721w, https:\/\/enpleineveil.com\/wp-content\/uploads\/2023\/08\/image_64873279-211x300.jpg 211w, https:\/\/enpleineveil.com\/wp-content\/uploads\/2023\/08\/image_64873279-768x1091.jpg 768w, https:\/\/enpleineveil.com\/wp-content\/uploads\/2023\/08\/image_64873279-1082x1536.jpg 1082w, https:\/\/enpleineveil.com\/wp-content\/uploads\/2023\/08\/image_64873279-1442x2048.jpg 1442w, https:\/\/enpleineveil.com\/wp-content\/uploads\/2023\/08\/image_64873279-scaled.jpg 1803w\" sizes=\"auto, (max-width: 721px) 100vw, 721px\" \/><\/figure>\n\n\n\n<p><strong>Lieu :<\/strong> 8 henisdal 1600 Sint Pieters leeuw (10 minutes de Bruxelles) dans une tente chauff\u00e9e de 40m pour \u00eatre au plus proche des \u00e9nergie de la nature.<\/p>\n\n\n\n<p><strong>Mat\u00e9riel :<\/strong> Nous vous recommandons d&rsquo;apporter :<\/p>\n\n\n\n<ul class=\"wp-block-list\">\n<li>Un coussin et une couverture<\/li>\n\n\n\n<li>Une bouteille d&rsquo;eau pour rester hydrat\u00e9(e).<\/li>\n\n\n\n<li>Tout objet personnel qui vous apporte du confort.<\/li>\n\n\n\n<li>Un tapis de yoga  sera disponible sur place  pour votre confort pendant la s\u00e9ance.<\/li>\n<\/ul>\n\n\n\n<p><strong>Th\u00e8me :<\/strong> Chaque voyage sonore a un th\u00e8me sp\u00e9cifique qui guidera la s\u00e9ance vers une intention particuli\u00e8re.<\/p>\n\n\n\n<p>Pour Consulter l&rsquo;<strong>agenda<\/strong> de toutes nos activit\u00e9s: <a href=\"http:\/\/enpleineveil.com\/index.php\/agenda\/\">cliquez ici<\/a><\/p>\n\n\n\n<p><\/p>\n\n\n\n<ul class=\"wp-block-list\">\n<li><strong>Jeudi 21 d\u00e9cembre 2024: CEREMONIE Solstice d&rsquo;hiver<\/strong><\/li>\n\n\n\n<li>Jeudi 4 janvier 2024: Voyage sonore th\u00e8me: <strong>Gu\u00e9rison int\u00e9rieure<\/strong><\/li>\n\n\n\n<li><strong>Mercredi 17 janvier 2024<\/strong>: <strong>RITUEL d\u00e9couvrez votre ANIMAL TOTEM<\/strong><\/li>\n\n\n\n<li>Mercredi 7 f\u00e9vrier 2024: Voyage sonore th\u00e8me: <strong>\u00c9vasion de l&rsquo;agitation<\/strong><\/li>\n\n\n\n<li>Mercredi 6 mars 2024: Voyage sonore th\u00e8me: <strong>\u00c9nergie et vitalit\u00e9<\/strong><\/li>\n\n\n\n<li>J<strong>eudi 21 mars 2024: CEREMONIE Equinoxe de Printemps<\/strong><\/li>\n\n\n\n<li>Jeudi 4 avril 2024: Voyage sonore th\u00e8me: <strong>Acceptation et lacher-prise<\/strong><\/li>\n\n\n\n<li>Mercredi 1 mai 2024: Voyage sonore th\u00e8me: <strong>Renaissance<\/strong><\/li>\n\n\n\n<li>Mercredi 5 juin 2024: Voyage sonore th\u00e8me: <strong>Harmonie int\u00e9rieure<\/strong><\/li>\n\n\n\n<li><strong>Vendredi 21 juin 2024: CEREMONIE Solstice d&rsquo;Et\u00e9<\/strong><\/li>\n\n\n\n<li>Jeudi 17 juillet 2024: Voyage sonore th\u00e8me: <strong>Eveil spirituel<\/strong><\/li>\n\n\n\n<li><strong>Mercredi 4 septembre 2024: RITUEL d\u00e9couvrez votre ANIMAL TOTEM<\/strong><\/li>\n<\/ul>\n\n\n\n<p><strong>Tarif :<\/strong> Le tarif pour cette exp\u00e9rience inoubliable est de <strong>25euros<\/strong> par personne<\/p>\n\n\n\n<p>En rejoignant notre groupe, vous vous offrez une pause bien m\u00e9rit\u00e9e pour vous reconnecter \u00e0 vous-m\u00eame et \u00e0 vos aspirations int\u00e9rieures. Venez d\u00e9couvrir une nouvelle dimension de relaxation et de transformation personnelle.<\/p>\n\n\n\n<p>R\u00e9servez votre place d\u00e8s maintenant en versant 25euros sur le compte <strong>BE31 7310 4662 6255. <\/strong>Merci de m&rsquo;envoyer un petit message une fois le versement effectuer. Les places sont limit\u00e9es, alors ne manquez pas cette occasion de vivre une exp\u00e9rience sonore et spirituelle exceptionnelle.<\/p>\n\n\n\n<p>Nous avons h\u00e2te de vous accueillir pour une s\u00e9ance qui touchera votre c\u0153ur, votre esprit et votre \u00e2me.<\/p>\n\n\n\n<figure class=\"wp-block-image size-large is-resized\"><img loading=\"lazy\" decoding=\"async\" width=\"769\" height=\"1024\" src=\"http:\/\/enpleineveil.com\/wp-content\/uploads\/2023\/08\/image_1239278391-769x1024.jpg\" alt=\"\" class=\"wp-image-365\" style=\"width:371px;height:494px\" srcset=\"https:\/\/enpleineveil.com\/wp-content\/uploads\/2023\/08\/image_1239278391-769x1024.jpg 769w, https:\/\/enpleineveil.com\/wp-content\/uploads\/2023\/08\/image_1239278391-225x300.jpg 225w, https:\/\/enpleineveil.com\/wp-content\/uploads\/2023\/08\/image_1239278391-768x1022.jpg 768w, https:\/\/enpleineveil.com\/wp-content\/uploads\/2023\/08\/image_1239278391-1154x1536.jpg 1154w, https:\/\/enpleineveil.com\/wp-content\/uploads\/2023\/08\/image_1239278391-1539x2048.jpg 1539w, https:\/\/enpleineveil.com\/wp-content\/uploads\/2023\/08\/image_1239278391-scaled.jpg 1923w\" sizes=\"auto, (max-width: 767px) 89vw, (max-width: 1000px) 54vw, (max-width: 1071px) 543px, 580px\" \/><\/figure>\n\n\n\n<h2 class=\"wp-block-heading\"><strong>Voyage sonore et rituel de groupe PRIVE<\/strong><\/h2>\n\n\n\n<p>vous avez \u00e9galement la possibilit\u00e9 d&rsquo;organiser des voyages sonore en groupe sur demande, que ce soit pour votre cercle d&rsquo;amis, votre famille, votre groupe de copines de yoga, ou m\u00eame pour c\u00e9l\u00e9brer un enterrement de vie de jeune fille. Notre offre est con\u00e7ue pour vous offrir une exp\u00e9rience de voyage personnalis\u00e9e et m\u00e9morable. Vous pouvez m\u00eame choisir le th\u00e8me du voyage sonore si vous le d\u00e9sir\u00e9.<\/p>\n\n\n\n<p>Notre tarification pour les voyages en groupe sur demande. Notre tarif de base est de <strong>25 euros<\/strong> par personne, avec un minimum de <strong>150 euros.<\/strong><\/p>\n\n\n\n<p>Cela signifie que pour un groupe de 6 personnes, le tarif de base de 150 euros s&rsquo;applique.<\/p>\n\n\n\n<p>Cependant, si votre groupe compte plus de 6 personnes, nous ajouterons simplement 25 euros par personne suppl\u00e9mentaire au tarif de base de 150 euros. Par exemple, pour un groupe de 8 personnes, le co\u00fbt total serait de 200 euros (150 euros + 25 euros x 2 personnes suppl\u00e9mentaires).<\/p>\n\n\n\n<figure class=\"wp-block-image size-large\"><img loading=\"lazy\" decoding=\"async\" width=\"717\" height=\"1024\" src=\"http:\/\/enpleineveil.com\/wp-content\/uploads\/2023\/09\/image_648732712-717x1024.jpg\" alt=\"\" class=\"wp-image-566\" srcset=\"https:\/\/enpleineveil.com\/wp-content\/uploads\/2023\/09\/image_648732712-717x1024.jpg 717w, https:\/\/enpleineveil.com\/wp-content\/uploads\/2023\/09\/image_648732712-210x300.jpg 210w, https:\/\/enpleineveil.com\/wp-content\/uploads\/2023\/09\/image_648732712-768x1097.jpg 768w, https:\/\/enpleineveil.com\/wp-content\/uploads\/2023\/09\/image_648732712.jpg 809w\" sizes=\"auto, (max-width: 717px) 100vw, 717px\" \/><\/figure>\n\n\n\n<p>Nous sommes convaincus que notre tarification flexible permet \u00e0 tous les groupes, quels que soient leur taille et leurs besoins, de b\u00e9n\u00e9ficier de notre expertise en mati\u00e8re de voyages en groupe sur mesure. N&rsquo;h\u00e9sitez pas \u00e0 nous contacter pour obtenir plus d&rsquo;informations ou pour commencer \u00e0 planifier votre prochain voyage passionnant en groupe !<\/p>\n\n\n\n<p>Nous nous engageons \u00e0 rendre votre voyage sonore en groupe aussi agr\u00e9able que possible en tenant compte de vos souhaits et en vous offrant un service de qualit\u00e9. Que vous souhaitiez explorer de nouveaux horizons, vous d\u00e9tendre dans un cadre magnifique ou vivre une exp\u00e9rience passionnantes, nous sommes l\u00e0 pour vous aider \u00e0 cr\u00e9er des souvenirs inoubliables.<\/p>\n\n\n\n<figure class=\"wp-block-video\"><video height=\"480\" style=\"aspect-ratio: 480 \/ 480;\" width=\"480\" controls src=\"http:\/\/enpleineveil.com\/wp-content\/uploads\/2024\/04\/IMG_06.mov\"><\/video><\/figure>\n\n\n\n<h2 class=\"wp-block-heading\"><a href=\"http:\/\/enpleineveil.com\/index.php\/rituels-celebrations\/\"><strong>Rituels et c\u00e9l\u00e9brations<\/strong><\/a><\/h2>\n\n\n\n<figure class=\"wp-block-image size-full\"><a href=\"http:\/\/enpleineveil.com\/index.php\/rituels-celebrations\/\"><img loading=\"lazy\" decoding=\"async\" width=\"940\" height=\"788\" src=\"http:\/\/enpleineveil.com\/wp-content\/uploads\/2023\/09\/Montagne-Fete-Nationale-Publication-Facebook-2.png\" alt=\"\" class=\"wp-image-604\" srcset=\"https:\/\/enpleineveil.com\/wp-content\/uploads\/2023\/09\/Montagne-Fete-Nationale-Publication-Facebook-2.png 940w, https:\/\/enpleineveil.com\/wp-content\/uploads\/2023\/09\/Montagne-Fete-Nationale-Publication-Facebook-2-300x251.png 300w, https:\/\/enpleineveil.com\/wp-content\/uploads\/2023\/09\/Montagne-Fete-Nationale-Publication-Facebook-2-768x644.png 768w\" sizes=\"auto, (max-width: 767px) 89vw, (max-width: 1000px) 54vw, (max-width: 1071px) 543px, 580px\" \/><\/a><\/figure>\n\n\n\n<p><strong>Qu&rsquo;est-ce que les <a href=\"http:\/\/enpleineveil.com\/index.php\/rituels-celebrations\/\">c\u00e9l\u00e9bration de saison<\/a> ?<\/strong><\/p>\n\n\n\n<p>Les <a href=\"http:\/\/enpleineveil.com\/index.php\/rituels-celebrations\/\">c\u00e9l\u00e9bration de saison<\/a> sont des rituels et des c\u00e9r\u00e9monies qui honorent les cycles naturels de la Terre. Chaque saison, de l&rsquo;\u00e9t\u00e9 \u00e0 l&rsquo;hiver, apporte son propre charme et ses enseignements uniques. Ces <a href=\"http:\/\/enpleineveil.com\/index.php\/rituels-celebrations\/\">c\u00e9l\u00e9bration de saison<\/a> sont une invitation \u00e0 ralentir, \u00e0 se connecter \u00e0 la nature, \u00e0 approfondir sa spiritualit\u00e9, et \u00e0 partager cette exp\u00e9rience avec d&rsquo;autres \u00e2mes en qu\u00eate de sens.<\/p>\n\n\n\n<p><a href=\"http:\/\/enpleineveil.com\/index.php\/rituels-celebrations\/\">P<\/a>lus d&rsquo;info en cliquant ici : <a href=\"http:\/\/enpleineveil.com\/index.php\/rituels-celebrations\/\">c\u00e9l\u00e9bration de saison<\/a><\/p>\n\n\n\n<p>Jeudi 21 d\u00e9cembre 2024: <a href=\"http:\/\/enpleineveil.com\/index.php\/rituels-celebrations\/\"><strong>CEREMONIE Solstice d&rsquo;hiver<\/strong> <\/a><\/p>\n\n\n\n<p>Jeudi 21 mars 2024: <strong><a href=\"http:\/\/enpleineveil.com\/index.php\/rituels-celebrations\/\">CEREMONIE Equinoxe de Printemps<\/a><\/strong><\/p>\n\n\n\n<p>Vendredi 21 juin 2024: <strong><a href=\"http:\/\/enpleineveil.com\/index.php\/rituels-celebrations\/\">CEREMONIE Solstice d&rsquo;Et\u00e9<\/a><\/strong><\/p>\n\n\n\n<figure class=\"wp-block-image size-full\"><img loading=\"lazy\" decoding=\"async\" width=\"940\" height=\"788\" src=\"http:\/\/enpleineveil.com\/wp-content\/uploads\/2024\/06\/image_12365029111.jpg\" alt=\"\" class=\"wp-image-748\" srcset=\"https:\/\/enpleineveil.com\/wp-content\/uploads\/2024\/06\/image_12365029111.jpg 940w, https:\/\/enpleineveil.com\/wp-content\/uploads\/2024\/06\/image_12365029111-300x251.jpg 300w, https:\/\/enpleineveil.com\/wp-content\/uploads\/2024\/06\/image_12365029111-768x644.jpg 768w\" sizes=\"auto, (max-width: 767px) 89vw, (max-width: 1000px) 54vw, (max-width: 1071px) 543px, 580px\" \/><\/figure>\n\n\n\n<figure class=\"wp-block-image size-full\"><a href=\"http:\/\/enpleineveil.com\/index.php\/bienvenue-dans-lexploration-profonde-de-votre-etre\/\"><img loading=\"lazy\" decoding=\"async\" width=\"940\" height=\"788\" src=\"http:\/\/enpleineveil.com\/wp-content\/uploads\/2023\/09\/animal-totem-image-1.png\" alt=\"\" class=\"wp-image-577\" srcset=\"https:\/\/enpleineveil.com\/wp-content\/uploads\/2023\/09\/animal-totem-image-1.png 940w, https:\/\/enpleineveil.com\/wp-content\/uploads\/2023\/09\/animal-totem-image-1-300x251.png 300w, https:\/\/enpleineveil.com\/wp-content\/uploads\/2023\/09\/animal-totem-image-1-768x644.png 768w\" sizes=\"auto, (max-width: 767px) 89vw, (max-width: 1000px) 54vw, (max-width: 1071px) 543px, 580px\" \/><\/a><\/figure>\n\n\n\n<p><strong><a href=\"http:\/\/enpleineveil.com\/index.php\/bienvenue-dans-lexploration-profonde-de-votre-etre\/\">D\u00e9couvrez Votre Animal Totem <\/a><\/strong>par des M\u00e9ditations Guid\u00e9es au Son du Tambour Chamanique<\/p>\n\n\n\n<p><em>Au c\u0153ur de chaque \u00eatre r\u00e9side un lien profond avec la nature, un lien qui remonte \u00e0 nos anc\u00eatres et \u00e0 nos racines. Nos anc\u00eatres vivaient en harmonie avec la terre, les animaux et les \u00e9l\u00e9ments, et ils ont compris que chaque cr\u00e9ature avait une signification et une guidance \u00e0 offrir.<\/em><\/p>\n\n\n\n<p><em>C&rsquo;est ici que commence votre voyage vers la <a href=\"http:\/\/enpleineveil.com\/index.php\/bienvenue-dans-lexploration-profonde-de-votre-etre\/\">d\u00e9couverte de votre animal totem<\/a>. Les animaux totems sont des guides spirituels, des messagers de la nature, et des reflets de certaines facettes de votre \u00eatre. Ils sont pr\u00eats \u00e0 vous offrir leur sagesse, leur force et leur guidance.<\/em><\/p>\n\n\n\n<p>Pour plus d&rsquo;info sur les rituels de d\u00e9couverte de votre animal Totem, <a href=\"http:\/\/enpleineveil.com\/index.php\/bienvenue-dans-lexploration-profonde-de-votre-etre\/\">cliquez ici!<\/a><\/p>\n\n\n\n<p>Mercredi 17 janvier 2024: <strong><a href=\"http:\/\/enpleineveil.com\/index.php\/bienvenue-dans-lexploration-profonde-de-votre-etre\/\">RITUEL d\u00e9couvrez votre ANIMAL TOTEM<\/a><\/strong><\/p>\n\n\n\n<p>Mercredi 4 septembre 2024: <strong><a href=\"http:\/\/enpleineveil.com\/index.php\/bienvenue-dans-lexploration-profonde-de-votre-etre\/\">RITUEL d\u00e9couvrez votre ANIMAL TOTEM<\/a><\/strong><\/p>\n","protected":false},"excerpt":{"rendered":"<p>Plongez dans une exp\u00e9rience sensorielle unique et transformante en vous inscrivant d\u00e8s maintenant \u00e0 notre voyage sonore de groupe. Imaginez-vous berc\u00e9 par les douces vibrations des bols tib\u00e9tains, les rythmes envo\u00fbtants des tambours chamaniques, et la r\u00e9sonance puissante des gongs, le tout dans une symphonie harmonieuse qui \u00e9veille les sens et apaise l&rsquo;\u00e2me. Chaque voyage &hellip; <\/p>\n<p class=\"link-more\"><a href=\"https:\/\/enpleineveil.com\/index.php\/voyage-sonore-de-groupe\/\" class=\"more-link\">Continuer la lecture<span class=\"screen-reader-text\"> de &laquo;&nbsp;Voyage sonore de groupe&nbsp;&raquo;<\/span><\/a><\/p>\n","protected":false},"author":2,"featured_media":0,"parent":0,"menu_order":0,"comment_status":"closed","ping_status":"closed","template":"","meta":{"footnotes":""},"class_list":["post-360","page","type-page","status-publish","hentry"],"_links":{"self":[{"href":"https:\/\/enpleineveil.com\/index.php\/wp-json\/wp\/v2\/pages\/360","targetHints":{"allow":["GET"]}}],"collection":[{"href":"https:\/\/enpleineveil.com\/index.php\/wp-json\/wp\/v2\/pages"}],"about":[{"href":"https:\/\/enpleineveil.com\/index.php\/wp-json\/wp\/v2\/types\/page"}],"author":[{"embeddable":true,"href":"https:\/\/enpleineveil.com\/index.php\/wp-json\/wp\/v2\/users\/2"}],"replies":[{"embeddable":true,"href":"https:\/\/enpleineveil.com\/index.php\/wp-json\/wp\/v2\/comments?post=360"}],"version-history":[{"count":27,"href":"https:\/\/enpleineveil.com\/index.php\/wp-json\/wp\/v2\/pages\/360\/revisions"}],"predecessor-version":[{"id":750,"href":"https:\/\/enpleineveil.com\/index.php\/wp-json\/wp\/v2\/pages\/360\/revisions\/750"}],"wp:attachment":[{"href":"https:\/\/enpleineveil.com\/index.php\/wp-json\/wp\/v2\/media?parent=360"}],"curies":[{"name":"wp","href":"https:\/\/api.w.org\/{rel}","templated":true}]}}