{"id":408,"date":"2023-08-30T16:39:22","date_gmt":"2023-08-30T14:39:22","guid":{"rendered":"http:\/\/enpleineveil.com\/?page_id=408"},"modified":"2025-11-09T09:14:09","modified_gmt":"2025-11-09T08:14:09","slug":"formation-en-lithotherapie-explorez-le-pouvoir-des-cristaux","status":"publish","type":"page","link":"https:\/\/enpleineveil.com\/index.php\/formation-en-lithotherapie-explorez-le-pouvoir-des-cristaux\/","title":{"rendered":"Formation en Lithoth\u00e9rapie : Explorez le Pouvoir des Cristaux"},"content":{"rendered":"\n<figure class=\"wp-block-image size-large\"><img loading=\"lazy\" decoding=\"async\" width=\"642\" height=\"1024\" src=\"http:\/\/enpleineveil.com\/wp-content\/uploads\/2025\/04\/10-642x1024.png\" alt=\"\" class=\"wp-image-911\" srcset=\"https:\/\/enpleineveil.com\/wp-content\/uploads\/2025\/04\/10-642x1024.png 642w, https:\/\/enpleineveil.com\/wp-content\/uploads\/2025\/04\/10-188x300.png 188w, https:\/\/enpleineveil.com\/wp-content\/uploads\/2025\/04\/10-768x1226.png 768w, https:\/\/enpleineveil.com\/wp-content\/uploads\/2025\/04\/10-963x1536.png 963w, https:\/\/enpleineveil.com\/wp-content\/uploads\/2025\/04\/10-1283x2048.png 1283w, https:\/\/enpleineveil.com\/wp-content\/uploads\/2025\/04\/10.png 1410w\" sizes=\"auto, (max-width: 642px) 100vw, 642px\" \/><\/figure>\n\n\n\n<p>Bienvenue dans notre formation captivante en lithoth\u00e9rapie, o\u00f9 les myst\u00e8res et les pouvoirs des cristaux vous attendent. Plongez dans le monde fascinant de la gu\u00e9rison \u00e9nerg\u00e9tique et d\u00e9couvrez comment les cristaux peuvent vous soutenir dans votre qu\u00eate de bien-\u00eatre et d&rsquo;\u00e9panouissement.<\/p>\n\n\n\n<figure class=\"wp-block-image size-large\"><img loading=\"lazy\" decoding=\"async\" width=\"1024\" height=\"972\" src=\"http:\/\/enpleineveil.com\/wp-content\/uploads\/2023\/08\/image_648344136-1-1024x972.jpg\" alt=\"\" class=\"wp-image-330\" srcset=\"https:\/\/enpleineveil.com\/wp-content\/uploads\/2023\/08\/image_648344136-1-1024x972.jpg 1024w, https:\/\/enpleineveil.com\/wp-content\/uploads\/2023\/08\/image_648344136-1-300x285.jpg 300w, https:\/\/enpleineveil.com\/wp-content\/uploads\/2023\/08\/image_648344136-1-768x729.jpg 768w, https:\/\/enpleineveil.com\/wp-content\/uploads\/2023\/08\/image_648344136-1-1536x1458.jpg 1536w, https:\/\/enpleineveil.com\/wp-content\/uploads\/2023\/08\/image_648344136-1.jpg 2048w\" sizes=\"auto, (max-width: 767px) 89vw, (max-width: 1000px) 54vw, (max-width: 1071px) 543px, 580px\" \/><\/figure>\n\n\n\n<p><strong>Ce que vous allez apprendre :<\/strong> Au cours de cette formation immersive, vous explorerez :<\/p>\n\n\n\n<ul class=\"wp-block-list\">\n<li>Les bases de la lithoth\u00e9rapie et l&rsquo;interaction des cristaux avec les champs \u00e9nerg\u00e9tiques.<\/li>\n\n\n\n<li>Les propri\u00e9t\u00e9s th\u00e9rapeutiques et les significations des cristaux les plus couramment utilis\u00e9s.<\/li>\n\n\n\n<li>Comment choisir, nettoyer et programmer vos cristaux pour des intentions sp\u00e9cifiques.<\/li>\n\n\n\n<li>Les m\u00e9thodes d&rsquo;utilisation des cristaux, y compris la m\u00e9ditation, le port et la cr\u00e9ation de grilles \u00e9nerg\u00e9tiques.<\/li>\n\n\n\n<li>Comment int\u00e9grer la lithoth\u00e9rapie dans votre pratique personnelle ou professionnelle de bien-\u00eatre.<\/li>\n<\/ul>\n\n\n\n<figure class=\"wp-block-image size-large\"><img loading=\"lazy\" decoding=\"async\" width=\"1024\" height=\"768\" src=\"http:\/\/enpleineveil.com\/wp-content\/uploads\/2024\/04\/image_50753537-1024x768.jpg\" alt=\"\" class=\"wp-image-692\" srcset=\"https:\/\/enpleineveil.com\/wp-content\/uploads\/2024\/04\/image_50753537-1024x768.jpg 1024w, https:\/\/enpleineveil.com\/wp-content\/uploads\/2024\/04\/image_50753537-300x225.jpg 300w, https:\/\/enpleineveil.com\/wp-content\/uploads\/2024\/04\/image_50753537-768x576.jpg 768w, https:\/\/enpleineveil.com\/wp-content\/uploads\/2024\/04\/image_50753537-1536x1152.jpg 1536w, https:\/\/enpleineveil.com\/wp-content\/uploads\/2024\/04\/image_50753537-2048x1536.jpg 2048w\" sizes=\"auto, (max-width: 767px) 89vw, (max-width: 1000px) 54vw, (max-width: 1071px) 543px, 580px\" \/><\/figure>\n\n\n\n<p>Les participants repartiront avec un kit de d\u00e9part choisi sur place ainsi qu&rsquo;un certificat de participation.<\/p>\n\n\n\n<p><strong>Tarif et Inscription :<\/strong> Le tarif pour cette formation exceptionnelle est de <strong>150 euros<\/strong>. Pour r\u00e9server votre place, un <strong>acompte de 50 euro<\/strong>s est requis lors de l&rsquo;inscription. Votre participation sera confirm\u00e9e une fois que cet acompte aura \u00e9t\u00e9 vers\u00e9.<\/p>\n\n\n\n<p><strong>Comment S&rsquo;inscrire :<\/strong> Si vous \u00eates pr\u00eat(e) \u00e0 explorer les profondeurs de la lithoth\u00e9rapie et \u00e0 d\u00e9couvrir comment les cristaux peuvent amener \u00e9quilibre et transformation dans votre vie, contactez-nous au <strong>0476\/29.64.12<\/strong> pour v\u00e9rifier la disponibilit\u00e9 des places. Une fois confirm\u00e9e la disponibilit\u00e9, vous pouvez verser l&rsquo;acompte sur le compte <strong>BE31 7310 4662 6255<\/strong> et ainsi r\u00e9server votre place.<\/p>\n\n\n\n<figure class=\"wp-block-video\"><video height=\"1280\" style=\"aspect-ratio: 720 \/ 1280;\" width=\"720\" controls src=\"http:\/\/enpleineveil.com\/wp-content\/uploads\/2024\/04\/IMG_04.mov\"><\/video><\/figure>\n\n\n\n<p>Les cristaux sont des gardiens de l&rsquo;\u00e9nergie et des portails vers la gu\u00e9rison. Joignez-vous \u00e0 nous pour cette aventure cristalline et d\u00e9couvrez comment les cristaux peuvent \u00eatre vos alli\u00e9s pr\u00e9cieux sur le chemin de l&rsquo;\u00e9quilibre et du bien-\u00eatre.<\/p>\n\n\n\n<figure class=\"wp-block-image size-large\"><img loading=\"lazy\" decoding=\"async\" width=\"768\" height=\"1024\" src=\"http:\/\/enpleineveil.com\/wp-content\/uploads\/2024\/04\/image_67524353-768x1024.jpg\" alt=\"\" class=\"wp-image-693\" srcset=\"https:\/\/enpleineveil.com\/wp-content\/uploads\/2024\/04\/image_67524353-768x1024.jpg 768w, https:\/\/enpleineveil.com\/wp-content\/uploads\/2024\/04\/image_67524353-225x300.jpg 225w, https:\/\/enpleineveil.com\/wp-content\/uploads\/2024\/04\/image_67524353-1152x1536.jpg 1152w, https:\/\/enpleineveil.com\/wp-content\/uploads\/2024\/04\/image_67524353-1536x2048.jpg 1536w, https:\/\/enpleineveil.com\/wp-content\/uploads\/2024\/04\/image_67524353-scaled.jpg 1920w\" sizes=\"auto, (max-width: 767px) 89vw, (max-width: 1000px) 54vw, (max-width: 1071px) 543px, 580px\" \/><\/figure>\n\n\n\n<p>N&rsquo;h\u00e9sitez pas \u00e0 nous contacter pour toute question ou pour r\u00e9server votre place. Nous sommes impatients de vous accueillir dans notre formation en lithoth\u00e9rapie et de partager avec vous la magie et la sagesse des cristaux.<\/p>\n\n\n\n<p>Retour \u00e0 la page g\u00e9n\u00e9rale <a href=\"http:\/\/enpleineveil.com\/index.php\/fleurs-de-bach\/\">des formations <\/a><\/p>\n\n\n\n<figure class=\"wp-block-video\"><video height=\"1280\" style=\"aspect-ratio: 720 \/ 1280;\" width=\"720\" controls src=\"http:\/\/enpleineveil.com\/wp-content\/uploads\/2024\/04\/IMG_03.mov\"><\/video><\/figure>\n\n\n\n<figure class=\"wp-block-video\"><video height=\"1280\" style=\"aspect-ratio: 720 \/ 1280;\" width=\"720\" controls src=\"http:\/\/enpleineveil.com\/wp-content\/uploads\/2024\/07\/IMG_08.mov\"><\/video><\/figure>\n\n\n\n<p>Retour \u00e0 la page g\u00e9n\u00e9rale <a href=\"http:\/\/enpleineveil.com\/index.php\/fleurs-de-bach\/\">des formations <\/a><\/p>\n\n\n\n<figure class=\"wp-block-pullquote\"><blockquote><p><strong>D\u00e9couverte de la lithoth\u00e9rapie<\/strong><br><em>\u00ab\u00a0La formation en lithoth\u00e9rapie de Sandrine a \u00e9t\u00e9 une r\u00e9v\u00e9lation. J\u2019ai appris \u00e0 travailler avec les pierres de mani\u00e8re concr\u00e8te et intuitive. Sandrine partage ses connaissances avec passion, rendant chaque pierre fascinante. Aujourd&rsquo;hui, je sais comment choisir, utiliser et entretenir mes pierres pour soutenir mon \u00e9quilibre \u00e9nerg\u00e9tique. Une formation incontournable pour tous les amoureux des cristaux !\u00a0\u00bb<\/em><\/p><cite>\u2014 <strong>Caroline F.<\/strong><\/cite><\/blockquote><\/figure>\n\n\n\n<figure class=\"wp-block-pullquote\"><blockquote><p><strong>Une formation compl\u00e8te et enrichissante<\/strong><br><em>\u00ab\u00a0Je suis ravie d\u2019avoir suivi cette formation. Sandrine nous guide pas \u00e0 pas pour comprendre les propri\u00e9t\u00e9s des pierres, leur impact sur les chakras et comment les int\u00e9grer dans une pratique \u00e9nerg\u00e9tique. Les exercices pratiques et les \u00e9changes avec les autres participants m&rsquo;ont permis d&rsquo;approfondir mes connaissances et de gagner en confiance. Merci pour cette belle transmission !\u00a0\u00bb<\/em><\/p><cite>\u2014 <strong>S\u00e9bastien D.<\/strong><\/cite><\/blockquote><\/figure>\n\n\n\n<figure class=\"wp-block-pullquote\"><blockquote><p><strong>Allier th\u00e9orie et pratique<\/strong><br><em>\u00ab\u00a0Cette formation en lithoth\u00e9rapie a d\u00e9pass\u00e9 toutes mes attentes. Sandrine m\u00eale parfaitement th\u00e9orie et pratique, ce qui rend les journ\u00e9es dynamiques et passionnantes. J\u2019ai d\u00e9couvert des choses que je ne soup\u00e7onnais pas sur les cristaux et leur utilisation. Depuis, je les utilise pour harmoniser mon \u00e9nergie et celle de mon entourage. Je recommande vivement cette formation \u00e0 tous !\u00a0\u00bb<\/em><\/p><cite>\u2014 <strong>Laura M.<\/strong><\/cite><\/blockquote><\/figure>\n\n\n\n<figure class=\"wp-block-pullquote\"><blockquote><p><strong>De la passion et de la p\u00e9dagogie<\/strong><br><em>\u00ab\u00a0Sandrine est une formatrice exceptionnelle, passionn\u00e9e et p\u00e9dagogue. Sa formation en lithoth\u00e9rapie m\u2019a permis de d\u00e9couvrir les pierres sous un nouveau jour et de d\u00e9velopper ma sensibilit\u00e9 \u00e9nerg\u00e9tique. J\u2019utilise d\u00e9sormais les cristaux pour accompagner mes proches et mes clients avec des r\u00e9sultats impressionnants. Un grand merci pour cette belle transmission.\u00a0\u00bb<\/em><\/p><cite>\u2014 <strong>Julie R.<\/strong><\/cite><\/blockquote><\/figure>\n\n\n\n<figure class=\"wp-block-pullquote\"><blockquote><p><strong>Approfondir mes connaissances<\/strong><br><em>\u00ab\u00a0D\u00e9j\u00e0 passionn\u00e9e par les cristaux, j\u2019ai suivi cette formation pour approfondir mes connaissances. Sandrine m\u2019a permis de comprendre des aspects que je ne ma\u00eetrisais pas, comme le lien entre les pierres et les chakras ou la fa\u00e7on de cr\u00e9er des grilles \u00e9nerg\u00e9tiques. Une formation compl\u00e8te et enrichissante, dans une ambiance conviviale et bienveillante.\u00a0\u00bb<\/em><\/p><cite>\u2014 <strong>Pauline L.<\/strong><\/cite><\/blockquote><\/figure>\n\n\n\n<p>Retour \u00e0 la page g\u00e9n\u00e9rale <a href=\"http:\/\/enpleineveil.com\/index.php\/fleurs-de-bach\/\">des formations <\/a><\/p>\n\n\n\n<p><\/p>\n","protected":false},"excerpt":{"rendered":"<p>Bienvenue dans notre formation captivante en lithoth\u00e9rapie, o\u00f9 les myst\u00e8res et les pouvoirs des cristaux vous attendent. Plongez dans le monde fascinant de la gu\u00e9rison \u00e9nerg\u00e9tique et d\u00e9couvrez comment les cristaux peuvent vous soutenir dans votre qu\u00eate de bien-\u00eatre et d&rsquo;\u00e9panouissement. Ce que vous allez apprendre : Au cours de cette formation immersive, vous explorerez &hellip; <\/p>\n<p class=\"link-more\"><a href=\"https:\/\/enpleineveil.com\/index.php\/formation-en-lithotherapie-explorez-le-pouvoir-des-cristaux\/\" class=\"more-link\">Continuer la lecture<span class=\"screen-reader-text\"> de &laquo;&nbsp;Formation en Lithoth\u00e9rapie : Explorez le Pouvoir des Cristaux&nbsp;&raquo;<\/span><\/a><\/p>\n","protected":false},"author":1,"featured_media":0,"parent":0,"menu_order":0,"comment_status":"closed","ping_status":"closed","template":"","meta":{"footnotes":""},"class_list":["post-408","page","type-page","status-publish","hentry"],"_links":{"self":[{"href":"https:\/\/enpleineveil.com\/index.php\/wp-json\/wp\/v2\/pages\/408","targetHints":{"allow":["GET"]}}],"collection":[{"href":"https:\/\/enpleineveil.com\/index.php\/wp-json\/wp\/v2\/pages"}],"about":[{"href":"https:\/\/enpleineveil.com\/index.php\/wp-json\/wp\/v2\/types\/page"}],"author":[{"embeddable":true,"href":"https:\/\/enpleineveil.com\/index.php\/wp-json\/wp\/v2\/users\/1"}],"replies":[{"embeddable":true,"href":"https:\/\/enpleineveil.com\/index.php\/wp-json\/wp\/v2\/comments?post=408"}],"version-history":[{"count":14,"href":"https:\/\/enpleineveil.com\/index.php\/wp-json\/wp\/v2\/pages\/408\/revisions"}],"predecessor-version":[{"id":969,"href":"https:\/\/enpleineveil.com\/index.php\/wp-json\/wp\/v2\/pages\/408\/revisions\/969"}],"wp:attachment":[{"href":"https:\/\/enpleineveil.com\/index.php\/wp-json\/wp\/v2\/media?parent=408"}],"curies":[{"name":"wp","href":"https:\/\/api.w.org\/{rel}","templated":true}]}}