{"id":41,"date":"2019-12-12T17:51:04","date_gmt":"2019-12-12T16:51:04","guid":{"rendered":"http:\/\/enpleineveil.com\/?page_id=41"},"modified":"2025-11-13T17:49:37","modified_gmt":"2025-11-13T16:49:37","slug":"contact","status":"publish","type":"page","link":"https:\/\/enpleineveil.com\/index.php\/contact\/","title":{"rendered":"Contact"},"content":{"rendered":"\n<p class=\"has-vivid-purple-background-color has-background has-large-font-size\"><strong>Contactez-moi <\/strong><\/p>\n\n\n\n<figure class=\"wp-block-image size-large is-resized\"><img loading=\"lazy\" decoding=\"async\" width=\"683\" height=\"1024\" src=\"http:\/\/enpleineveil.com\/wp-content\/uploads\/2022\/09\/Sandrine-30-1-683x1024.jpg\" alt=\"\" class=\"wp-image-252\" style=\"width:160px;height:239px\" srcset=\"https:\/\/enpleineveil.com\/wp-content\/uploads\/2022\/09\/Sandrine-30-1-683x1024.jpg 683w, https:\/\/enpleineveil.com\/wp-content\/uploads\/2022\/09\/Sandrine-30-1-200x300.jpg 200w, https:\/\/enpleineveil.com\/wp-content\/uploads\/2022\/09\/Sandrine-30-1-768x1152.jpg 768w, https:\/\/enpleineveil.com\/wp-content\/uploads\/2022\/09\/Sandrine-30-1-1024x1536.jpg 1024w, https:\/\/enpleineveil.com\/wp-content\/uploads\/2022\/09\/Sandrine-30-1-1365x2048.jpg 1365w, https:\/\/enpleineveil.com\/wp-content\/uploads\/2022\/09\/Sandrine-30-1-scaled.jpg 1707w\" sizes=\"auto, (max-width: 683px) 100vw, 683px\" \/><\/figure>\n\n\n\n<p>Sandrine Menu<\/p>\n\n\n\n<p>sur <a href=\"mailto:enpleineveil@gmail.com\">enpleineveil@gmail.com<\/a><\/p>\n\n\n\n<p>Ou au 0476\/29.64.12<\/p>\n\n\n\n<p>Et n&rsquo;h\u00e9sitez pas \u00e0 laisser un commentaire positif sur votre exp\u00e9rience. dont voici le lien:<\/p>\n\n\n\n<!-- Bloc boutons sociaux et contact -->\n<div style=\"text-align: center; margin: 20px 0;\">\n\n  <!-- WhatsApp -->\n  <a href=\"https:\/\/wa.me\/32476296412?text=je+voudrais+en+savoir+plus+sur...\" \n     target=\"_blank\" \n     style=\"\n        display: inline-block;\n        background-color: #25D366;\n        color: white;\n        font-weight: bold;\n        padding: 12px 20px;\n        border-radius: 25px;\n        text-decoration: none;\n        margin: 5px;\n        transition: transform 0.2s, box-shadow 0.2s;\n     \">\n     WhatsApp\n  <\/a>\n\n  <!-- Google Avis -->\n  <a href=\"https:\/\/g.page\/r\/CQ7WViTkAtywEAI\/review\" \n     target=\"_blank\" \n     style=\"\n        display: inline-block;\n        background-color: #4285F4;\n        color: white;\n        font-weight: bold;\n        padding: 12px 20px;\n        border-radius: 25px;\n        text-decoration: none;\n        margin: 5px;\n        transition: transform 0.2s, box-shadow 0.2s;\n     \">\n     Laisser un avis Google\n  <\/a>\n\n  <!-- Facebook -->\n  <a href=\"https:\/\/www.facebook.com\/share\/1BM4erqW3n\/?mibextid=wwXIfr\" \n     target=\"_blank\" \n     style=\"\n        display: inline-block;\n        background-color: #1877F2;\n        color: white;\n        font-weight: bold;\n        padding: 12px 20px;\n        border-radius: 25px;\n        text-decoration: none;\n        margin: 5px;\n        transition: transform 0.2s, box-shadow 0.2s;\n     \">\n     Facebook\n  <\/a>\n\n  <!-- Instagram -->\n  <a href=\"https:\/\/www.instagram.com\/enpleineveil_sandrine_menu?igsh=MThqeGRxZHNyejZm&#038;utm_source=qr\" \n     target=\"_blank\" \n     style=\"\n        display: inline-block;\n        background-color: #E1306C;\n        color: white;\n        font-weight: bold;\n        padding: 12px 20px;\n        border-radius: 25px;\n        text-decoration: none;\n        margin: 5px;\n        transition: transform 0.2s, box-shadow 0.2s;\n     \">\n     Instagram\n  <\/a>\n\n<\/div>\n\n<!-- Animation l\u00e9g\u00e8re au survol -->\n<style>\na:hover {\n   transform: translateY(-3px);\n   box-shadow: 0 5px 15px rgba(0,0,0,0.2);\n}\n<\/style>\n\n\n\n\n<figure class=\"wp-block-video\"><video height=\"464\" style=\"aspect-ratio: 480 \/ 464;\" width=\"480\" controls src=\"http:\/\/enpleineveil.com\/wp-content\/uploads\/2024\/04\/IMG_05.mov\"><\/video><\/figure>\n\n\n\n<p>et TIKTOK a enpleineveil<\/p>\n\n\n\n<figure class=\"wp-block-embed is-type-rich is-provider-tiktok wp-block-embed-tiktok\"><div class=\"wp-block-embed__wrapper\">\n<blockquote class=\"tiktok-embed\" cite=\"https:\/\/www.tiktok.com\/@enpleineveil\" data-unique-id=\"enpleineveil\" data-embed-from=\"oembed\" data-embed-type=\"creator\" style=\"max-width:780px; min-width:288px;\"> <section> <a target=\"_blank\" href=\"https:\/\/www.tiktok.com\/@enpleineveil?refer=creator_embed\">@enpleineveil<\/a> <\/section> <\/blockquote> <script async src=\"https:\/\/www.tiktok.com\/embed.js\"><\/script>\n<\/div><\/figure>\n\n\n\n<p><a href=\"https:\/\/g.page\/r\/CQ7WViTkAtywEAI\/review\" class=\"ek-link\">https:\/\/g.page\/r\/CQ7WViTkAtywEAI\/review<\/a><\/p>\n\n\n\n<p class=\"has-blush-light-purple-gradient-background has-background\" style=\"font-size:30px\">Adresse:<\/p>\n\n\n\n<p>Henisdal 8<\/p>\n\n\n\n<p>1600 Sint Pieters Leeuw<\/p>\n\n\n\n<p>A 10 minutes de Bruxelles<\/p>\n\n\n\n<p><strong>Bus 170<\/strong> arr\u00eat \u00ab\u00a0Henisdal\u00a0\u00bb<\/p>\n\n\n\n<p><strong>Bus 101 et 145<\/strong> arr\u00eat \u00ab\u00a0Oud Station\u00a0\u00bb<\/p>\n\n\n\n<figure class=\"wp-block-image size-large\"><img loading=\"lazy\" decoding=\"async\" width=\"944\" height=\"689\" src=\"http:\/\/enpleineveil.com\/wp-content\/uploads\/2022\/02\/Capture-d\u2019\u00e9cran-2022-02-10-\u00e0-13.28.32.png\" alt=\"\" class=\"wp-image-148\" srcset=\"https:\/\/enpleineveil.com\/wp-content\/uploads\/2022\/02\/Capture-d\u2019\u00e9cran-2022-02-10-\u00e0-13.28.32.png 944w, https:\/\/enpleineveil.com\/wp-content\/uploads\/2022\/02\/Capture-d\u2019\u00e9cran-2022-02-10-\u00e0-13.28.32-300x219.png 300w, https:\/\/enpleineveil.com\/wp-content\/uploads\/2022\/02\/Capture-d\u2019\u00e9cran-2022-02-10-\u00e0-13.28.32-768x561.png 768w\" sizes=\"auto, (max-width: 767px) 89vw, (max-width: 1000px) 54vw, (max-width: 1071px) 543px, 580px\" \/><\/figure>\n\n\n\n<h2 class=\"wp-block-heading\">Quelques bonnes adresses:<\/h2>\n\n\n\n<p>Si vous \u00eates \u00e0 la recherche d&rsquo;une source fiable et de confiance pour vos produits de sant\u00e9, ne cherchez pas plus loin. Voici une <strong><a href=\"https:\/\/herboristeriekruidotheek.be\/accueil-1\">Herboristerie <\/a>d&rsquo;Exception<\/strong> pour des Produits de Sant\u00e9 de Qualit\u00e9 du c\u00f4t\u00e9 de Halle. (livraison possible)<\/p>\n\n\n\n<figure class=\"wp-block-image size-full is-resized\"><a href=\"https:\/\/herboristeriekruidotheek.be\/accueil-1\"><img loading=\"lazy\" decoding=\"async\" width=\"287\" height=\"176\" src=\"http:\/\/enpleineveil.com\/wp-content\/uploads\/2023\/08\/Sans-titreherbo.png\" alt=\"\" class=\"wp-image-449\" style=\"width:193px;height:118px\"\/><\/a><\/figure>\n\n\n\n<p>Et si vous recherchez un <strong>magasin bio<\/strong> du c\u00f4t\u00e9 d&rsquo;Anderlecht, je vous conseils <strong><a href=\"https:\/\/www.paracelsusbio.be\/\">PARACELSUS<\/a><\/strong>, ou vous repartirez avec bien plus que des produits bio, mais des conseils personnalis\u00e9s qui r\u00e9pondent \u00e0 vos besoins  en mati\u00e8re de sant\u00e9 et de bien-\u00eatre.<\/p>\n\n\n\n<figure class=\"wp-block-image size-full\"><a href=\"https:\/\/www.paracelsusbio.be\/\"><img loading=\"lazy\" decoding=\"async\" width=\"224\" height=\"224\" src=\"http:\/\/enpleineveil.com\/wp-content\/uploads\/2023\/08\/Sans-titrepara.jpg\" alt=\"\" class=\"wp-image-452\" srcset=\"https:\/\/enpleineveil.com\/wp-content\/uploads\/2023\/08\/Sans-titrepara.jpg 224w, https:\/\/enpleineveil.com\/wp-content\/uploads\/2023\/08\/Sans-titrepara-150x150.jpg 150w, https:\/\/enpleineveil.com\/wp-content\/uploads\/2023\/08\/Sans-titrepara-100x100.jpg 100w\" sizes=\"auto, (max-width: 224px) 100vw, 224px\" \/><\/a><\/figure>\n","protected":false},"excerpt":{"rendered":"<p>Contactez-moi Sandrine Menu sur enpleineveil@gmail.com Ou au 0476\/29.64.12 Et n&rsquo;h\u00e9sitez pas \u00e0 laisser un commentaire positif sur votre exp\u00e9rience. dont voici le lien: WhatsApp Laisser un avis Google Facebook Instagram et TIKTOK a enpleineveil https:\/\/g.page\/r\/CQ7WViTkAtywEAI\/review Adresse: Henisdal 8 1600 Sint Pieters Leeuw A 10 minutes de Bruxelles Bus 170 arr\u00eat \u00ab\u00a0Henisdal\u00a0\u00bb Bus 101 et 145 &hellip; <\/p>\n<p class=\"link-more\"><a href=\"https:\/\/enpleineveil.com\/index.php\/contact\/\" class=\"more-link\">Continuer la lecture<span class=\"screen-reader-text\"> de &laquo;&nbsp;Contact&nbsp;&raquo;<\/span><\/a><\/p>\n","protected":false},"author":2,"featured_media":0,"parent":0,"menu_order":0,"comment_status":"closed","ping_status":"closed","template":"","meta":{"footnotes":""},"class_list":["post-41","page","type-page","status-publish","hentry"],"_links":{"self":[{"href":"https:\/\/enpleineveil.com\/index.php\/wp-json\/wp\/v2\/pages\/41","targetHints":{"allow":["GET"]}}],"collection":[{"href":"https:\/\/enpleineveil.com\/index.php\/wp-json\/wp\/v2\/pages"}],"about":[{"href":"https:\/\/enpleineveil.com\/index.php\/wp-json\/wp\/v2\/types\/page"}],"author":[{"embeddable":true,"href":"https:\/\/enpleineveil.com\/index.php\/wp-json\/wp\/v2\/users\/2"}],"replies":[{"embeddable":true,"href":"https:\/\/enpleineveil.com\/index.php\/wp-json\/wp\/v2\/comments?post=41"}],"version-history":[{"count":25,"href":"https:\/\/enpleineveil.com\/index.php\/wp-json\/wp\/v2\/pages\/41\/revisions"}],"predecessor-version":[{"id":1141,"href":"https:\/\/enpleineveil.com\/index.php\/wp-json\/wp\/v2\/pages\/41\/revisions\/1141"}],"wp:attachment":[{"href":"https:\/\/enpleineveil.com\/index.php\/wp-json\/wp\/v2\/media?parent=41"}],"curies":[{"name":"wp","href":"https:\/\/api.w.org\/{rel}","templated":true}]}}