{"id":594,"date":"2023-09-29T09:58:55","date_gmt":"2023-09-29T07:58:55","guid":{"rendered":"http:\/\/enpleineveil.com\/?page_id=594"},"modified":"2023-09-29T10:14:47","modified_gmt":"2023-09-29T08:14:47","slug":"celebrez-le-solstice-dhiver-eveillez-votre-ame-a-la-magie-de-la-saison","status":"publish","type":"page","link":"https:\/\/enpleineveil.com\/index.php\/celebrez-le-solstice-dhiver-eveillez-votre-ame-a-la-magie-de-la-saison\/","title":{"rendered":"C\u00e9l\u00e9brez le Solstice d&rsquo;Hiver : \u00c9veillez votre \u00e2me \u00e0 la Magie de la Saison"},"content":{"rendered":"\n<p>Une C\u00e9r\u00e9monie Enchanteresse avec M\u00e9ditations Guid\u00e9es, Voyage Sonore, et plus encore&#8230;<\/p>\n\n\n\n<figure class=\"wp-block-image size-full\"><img loading=\"lazy\" decoding=\"async\" width=\"940\" height=\"788\" src=\"http:\/\/enpleineveil.com\/wp-content\/uploads\/2023\/09\/Montagne-Fete-Nationale-Publication-Facebook.png\" alt=\"\" class=\"wp-image-595\" srcset=\"https:\/\/enpleineveil.com\/wp-content\/uploads\/2023\/09\/Montagne-Fete-Nationale-Publication-Facebook.png 940w, https:\/\/enpleineveil.com\/wp-content\/uploads\/2023\/09\/Montagne-Fete-Nationale-Publication-Facebook-300x251.png 300w, https:\/\/enpleineveil.com\/wp-content\/uploads\/2023\/09\/Montagne-Fete-Nationale-Publication-Facebook-768x644.png 768w\" sizes=\"auto, (max-width: 767px) 89vw, (max-width: 1000px) 54vw, (max-width: 1071px) 543px, 580px\" \/><\/figure>\n\n\n\n<p><strong>Bienvenue dans la C\u00e9l\u00e9bration du Solstice d&rsquo;Hiver !<\/strong><\/p>\n\n\n\n<p>Lorsque la nuit est la plus longue et que la froideur de l&rsquo;hiver enveloppe la terre, je vous invite \u00e0 vous joindre \u00e0 moi pour une c\u00e9l\u00e9bration unique en son genre. La c\u00e9r\u00e9monie du Solstice d&rsquo;Hiver est une invitation \u00e0 plonger dans la magie de la saison, \u00e0 connecter votre \u00e2me avec les \u00e9nergies puissantes de la nature, et \u00e0 \u00e9clairer votre chemin int\u00e9rieur pendant cette p\u00e9riode sp\u00e9ciale de l&rsquo;ann\u00e9e.<\/p>\n\n\n\n<p><strong>Ce qui vous attend :<\/strong><\/p>\n\n\n\n<p><strong>M\u00e9ditations Guid\u00e9es Inspirantes :<\/strong> En tant que guide exp\u00e9riment\u00e9e, je vous conduirai dans des m\u00e9ditations sp\u00e9cialement con\u00e7ues pour cette saison. Ensemble, nous explorerons la tranquillit\u00e9 de l&rsquo;hiver, nous connecterons avec votre moi int\u00e9rieur, et d\u00e9couvrirons une source d&rsquo;inspiration profonde pour le nouveau cycle qui commence.<\/p>\n\n\n\n<p><strong>Voyage Sonore Enveloppant :<\/strong> Laissez-vous emporter par les sons envo\u00fbtants des instruments de gu\u00e9rison, des bols chantants aux tambours chamaniques. Le voyage sonore est une exp\u00e9rience sensorielle immersive qui apaise l&rsquo;esprit, d\u00e9tend le corps, et \u00e9veille votre \u00e2me \u00e0 des niveaux plus profonds de conscience.<\/p>\n\n\n\n<p><strong>Feu Sacr\u00e9 \u00c9clairant :<\/strong> Le feu sacr\u00e9 br\u00fblera en notre pr\u00e9sence, symbolisant la lumi\u00e8re int\u00e9rieure qui persiste m\u00eame dans les t\u00e9n\u00e8bres de l&rsquo;hiver. L&rsquo;\u00e9nergie du feu nous r\u00e9chauffera et nous connectera \u00e0 la puissance de la transformation.<\/p>\n\n\n\n<p><strong>L&rsquo;\u00c9nergie des Cristaux :<\/strong> Des cristaux soigneusement s\u00e9lectionn\u00e9s seront pr\u00e9sents pour amplifier nos intentions et renforcer notre connexion \u00e0 la terre. Vous pourrez \u00e9galement en choisir un qui vous appellera et qui vous accompagnera tout au long de la saison.<\/p>\n\n\n\n<p><strong>Le Pouvoir des Huiles Essentielles :<\/strong> Nous utiliserons les huiles essentielles pour \u00e9veiller nos sens et \u00e9quilibrer nos \u00e9nergies. L&rsquo;aromath\u00e9rapie ajoutera une dimension sensorielle \u00e0 notre c\u00e9l\u00e9bration, favorisant la relaxation et l&rsquo;harmonie.<\/p>\n\n\n\n<p><strong>Rencontre avec la Communaut\u00e9 :<\/strong> Partagez cette exp\u00e9rience exceptionnelle avec d&rsquo;autres \u00e2mes en qu\u00eate de connexion et de transformation. Ma c\u00e9l\u00e9bration du Solstice d&rsquo;Hiver est l&rsquo;occasion id\u00e9ale de tisser des liens avec des personnes partageant les m\u00eames id\u00e9es, de cr\u00e9er des souvenirs, et de renforcer votre connexion \u00e0 la nature et \u00e0 vous-m\u00eame.<\/p>\n\n\n\n<p><strong>D\u00e9tails de l&rsquo;\u00e9v\u00e9nement :<\/strong><\/p>\n\n\n\n<ul class=\"wp-block-list\">\n<li><strong>Date :<\/strong> Jeudi <strong>21 d\u00e9cembre<\/strong> 2023<\/li>\n\n\n\n<li><strong>Heure :<\/strong> 20h<\/li>\n\n\n\n<li><strong>Lieu :<\/strong> 8 Henisdal 1600 Sint-Pieters-Leeuw (10 minutes de Bruxelles) en tente chauff\u00e9e de 40 m\u00e8tres carr\u00e9e pour \u00eatre au plus proche des \u00e9nergies de la nature.<\/li>\n<\/ul>\n\n\n\n<p><strong>Comment Participer :<\/strong><\/p>\n\n\n\n<p>Pour r\u00e9server votre place \u00e0 cette c\u00e9r\u00e9monie magique, <\/p>\n\n\n\n<ol class=\"wp-block-list\">\n<li>Envoyez un petit message au <strong>0476 29 64 12<\/strong> pour v\u00e9rifier la disponibilit\u00e9 des places.<\/li>\n\n\n\n<li>Une fois confirm\u00e9, effectuez le versement sur le num\u00e9ro de compte <strong>BE31 7310 4662 6255.<\/strong><\/li>\n\n\n\n<li>En tant que commentaire lors du versement, veuillez indiquer votre nom complet et la date de l&rsquo;\u00e9v\u00e9nement \u00e0 laquelle vous souhaitez participer.<\/li>\n<\/ol>\n\n\n\n<p>Une fois que nous aurons re\u00e7u votre paiement, votre inscription sera confirm\u00e9e. <\/p>\n\n\n\n<p>Les places sont limit\u00e9es, alors r\u00e9servez la v\u00f4tre d\u00e8s maintenant pour vivre cette exp\u00e9rience unique de bien-\u00eatre, de transformation, et de connexion \u00e0 la magie de l&rsquo;hiver.<\/p>\n\n\n\n<p><strong>Ce dont vous aurez besoin :<\/strong><\/p>\n\n\n\n<ul class=\"wp-block-list\">\n<li>Des v\u00eatements confortables<\/li>\n\n\n\n<li>Une couverture chaude<\/li>\n\n\n\n<li>Un c\u0153ur ouvert et une attitude curieuse<\/li>\n<\/ul>\n\n\n\n<p><strong>Prix :<\/strong><\/p>\n\n\n\n<ul class=\"wp-block-list\">\n<li>Participation \u00e0 la c\u00e9r\u00e9monie compl\u00e8te : <strong>50<\/strong> <strong>euros<\/strong><\/li>\n<\/ul>\n\n\n\n<p>L&rsquo;hiver est une saison de r\u00e9flexion, de renouvellement, et de renaissance. Joignez-vous \u00e0 moi pour c\u00e9l\u00e9brer cette p\u00e9riode sp\u00e9ciale de l&rsquo;ann\u00e9e, explorez les profondeurs de votre \u00e2me, et cr\u00e9ez des souvenirs qui illumineront votre chemin tout au long de l&rsquo;hiver.<\/p>\n\n\n\n<p>Rejoignez-moi dans cette aventure spirituelle. R\u00e9servez votre place d\u00e8s maintenant et pr\u00e9parez-vous \u00e0 vivre une c\u00e9r\u00e9monie du Solstice d&rsquo;Hiver inoubliable.<\/p>\n\n\n\n<p>J&rsquo;ai h\u00e2te de vous accueillir dans mon cercle magique.<\/p>\n\n\n\n<p>Namaste,<\/p>\n","protected":false},"excerpt":{"rendered":"<p>Une C\u00e9r\u00e9monie Enchanteresse avec M\u00e9ditations Guid\u00e9es, Voyage Sonore, et plus encore&#8230; Bienvenue dans la C\u00e9l\u00e9bration du Solstice d&rsquo;Hiver ! Lorsque la nuit est la plus longue et que la froideur de l&rsquo;hiver enveloppe la terre, je vous invite \u00e0 vous joindre \u00e0 moi pour une c\u00e9l\u00e9bration unique en son genre. La c\u00e9r\u00e9monie du Solstice d&rsquo;Hiver &hellip; <\/p>\n<p class=\"link-more\"><a href=\"https:\/\/enpleineveil.com\/index.php\/celebrez-le-solstice-dhiver-eveillez-votre-ame-a-la-magie-de-la-saison\/\" class=\"more-link\">Continuer la lecture<span class=\"screen-reader-text\"> de &laquo;&nbsp;C\u00e9l\u00e9brez le Solstice d&rsquo;Hiver : \u00c9veillez votre \u00e2me \u00e0 la Magie de la Saison&nbsp;&raquo;<\/span><\/a><\/p>\n","protected":false},"author":1,"featured_media":0,"parent":0,"menu_order":0,"comment_status":"closed","ping_status":"closed","template":"","meta":{"footnotes":""},"class_list":["post-594","page","type-page","status-publish","hentry"],"_links":{"self":[{"href":"https:\/\/enpleineveil.com\/index.php\/wp-json\/wp\/v2\/pages\/594","targetHints":{"allow":["GET"]}}],"collection":[{"href":"https:\/\/enpleineveil.com\/index.php\/wp-json\/wp\/v2\/pages"}],"about":[{"href":"https:\/\/enpleineveil.com\/index.php\/wp-json\/wp\/v2\/types\/page"}],"author":[{"embeddable":true,"href":"https:\/\/enpleineveil.com\/index.php\/wp-json\/wp\/v2\/users\/1"}],"replies":[{"embeddable":true,"href":"https:\/\/enpleineveil.com\/index.php\/wp-json\/wp\/v2\/comments?post=594"}],"version-history":[{"count":2,"href":"https:\/\/enpleineveil.com\/index.php\/wp-json\/wp\/v2\/pages\/594\/revisions"}],"predecessor-version":[{"id":600,"href":"https:\/\/enpleineveil.com\/index.php\/wp-json\/wp\/v2\/pages\/594\/revisions\/600"}],"wp:attachment":[{"href":"https:\/\/enpleineveil.com\/index.php\/wp-json\/wp\/v2\/media?parent=594"}],"curies":[{"name":"wp","href":"https:\/\/api.w.org\/{rel}","templated":true}]}}