{"id":607,"date":"2023-09-30T09:48:40","date_gmt":"2023-09-30T07:48:40","guid":{"rendered":"http:\/\/enpleineveil.com\/?page_id=607"},"modified":"2025-12-11T20:38:10","modified_gmt":"2025-12-11T19:38:10","slug":"agenda","status":"publish","type":"page","link":"https:\/\/enpleineveil.com\/index.php\/agenda\/","title":{"rendered":"Agenda"},"content":{"rendered":"\n<h1 class=\"wp-block-heading\">Agenda des \u00e9v\u00e9nements \u00e0 venir<\/h1>\n\n\n\n<p>Des exp\u00e9riences vibratoires pour nourrir ton \u00e9nergie, ton corps et ton \u00e2me**<\/p>\n\n\n\n<p>Chaque saison apporte son rythme\u2026<br>En hiver, je privil\u00e9gie des rencontres plus intimes, cocooning et profondes, alors que l\u2019\u00e9t\u00e9 ouvre la porte aux exp\u00e9riences aquatiques, aux soir\u00e9es en plein air et aux c\u00e9r\u00e9monies sous les \u00e9toiles.<br>Tu trouveras ici toutes les dates \u00e0 venir \u2014 mises \u00e0 jour r\u00e9guli\u00e8rement \u2014 afin de choisir le moment qui r\u00e9sonne le plus avec toi.<\/p>\n\n\n\n<hr class=\"wp-block-separator has-alpha-channel-opacity\"\/>\n\n\n\n<h2 class=\"wp-block-heading\"><strong>\u2728 <a href=\"https:\/\/enpleineveil.com\/index.php\/healing-sessions\/\" class=\"ek-link\">Healing Sessions \u2013 New Thermen Tadema<\/a><\/strong><\/h2>\n\n\n\n<p>Plonge dans 25 minutes de d\u00e9tente profonde, berc\u00e9e par les vibrations des instruments dans la salle de repos chauff\u00e9e du jardin.<br>Les places sont limit\u00e9es pour pr\u00e9server une exp\u00e9rience intime et de grande qualit\u00e9.<\/p>\n\n\n\n<p>\ud83d\udcc5 <strong>Mardi 16 d\u00e9cembre \u2013 17h<\/strong><br>\ud83d\udcc5 <strong>Dimanche 18 janvier 2026 \u2013 15h<\/strong><br>\ud83d\udcc5 <strong>Dimanche 18 janvier 2026 \u2013 18h<\/strong><\/p>\n\n\n\n<p><em>Pour r\u00e9server : rends-toi simplement au bar des Thermen le jour de la session et choisis ton porte-cl\u00e9 (qui repr\u00e9sente ton transat).<\/em><\/p>\n\n\n\n<hr class=\"wp-block-separator has-alpha-channel-opacity\"\/>\n\n\n\n<h2 class=\"wp-block-heading\"><strong>\u2728 <a href=\"https:\/\/enpleineveil.com\/index.php\/relaxation-sonore-aquatique-aquatische-klankontspanning\/\" class=\"ek-link\">Relaxation sonore aquatique \u2013 Sportoase Zwembad Halle<\/a><\/strong><\/h2>\n\n\n\n<p>Allong\u00e9.e sur un matelas qui flotte doucement \u00e0 la surface de l\u2019eau, tu te laisses porter par les vibrations des instruments qui jouent au-dessus de toi.<br>Un moment suspendu, entre eau, sons et d\u00e9tente totale.<\/p>\n\n\n\n<p>\ud83d\udcc5 <strong>Vendredi 7 f\u00e9vrier 2026 \u2013 20h<\/strong><\/p>\n\n\n\n<hr class=\"wp-block-separator has-alpha-channel-opacity\"\/>\n\n\n\n<h2 class=\"wp-block-heading\"><strong>\u2728 <a href=\"https:\/\/enpleineveil.com\/index.php\/rituels-celebrations\/\" class=\"ek-link\">C\u00e9r\u00e9monie d\u2019\u00c9quinoxe \u2013 Rituel, transformation &amp; voyage sonore<\/a><\/strong><\/h2>\n\n\n\n<p>L\u2019\u00e9quinoxe est un portail puissant, un moment d\u2019\u00e9quilibre parfait entre lumi\u00e8re et obscurit\u00e9.<br>Nous nous r\u00e9unirons avec une intention claire, pour une c\u00e9r\u00e9monie profonde m\u00ealant purification, offrande \u00e0 la Terre, cacao sacr\u00e9, feu transmutateur\u2026 et un voyage sonore pour int\u00e9grer pleinement les \u00e9nergies de renouveau.<\/p>\n\n\n\n<p>\ud83d\udcc5 <strong>Vendredi 20 mars 2026 \u2013 20h<\/strong><\/p>\n\n\n\n<hr class=\"wp-block-separator has-alpha-channel-opacity\"\/>\n\n\n\n<h2 class=\"wp-block-heading\"><strong>\u2728 Formations \u00e9nerg\u00e9tiques<\/strong><\/h2>\n\n\n\n<p>Les formations sont propos\u00e9es toute l\u2019ann\u00e9e, mais l\u2019hiver est une p\u00e9riode id\u00e9ale pour se recentrer, apprendre, et nourrir sa croissance int\u00e9rieure.<\/p>\n\n\n\n<p>\ud83d\udcda Les prochaines dates seront publi\u00e9es ici tr\u00e8s prochainement.<br>Elles concernent notamment :<br>\u2022 les formations pour devenir th\u00e9rapeute \u00e9nerg\u00e9tique,<br>\u2022 les modules sp\u00e9cialis\u00e9s,<br>\u2022 et les journ\u00e9es de pratique guid\u00e9e.<\/p>\n\n\n\n<p><em>Si tu veux t\u2019assurer une place ou \u00eatre inform\u00e9.e d\u00e8s la mise en ligne, tu peux d\u00e9j\u00e0 me contacter.<\/em><\/p>\n\n\n\n<hr class=\"wp-block-separator has-alpha-channel-opacity\"\/>\n\n\n\n<h2 class=\"wp-block-heading\"><strong>\u2728 Et pour la saison chaude\u2026<\/strong><\/h2>\n\n\n\n<p>D\u00e8s le retour du soleil, l\u2019agenda s\u2019enrichit :<br>\u2022 harmonisation aquatique<br>\u2022 relaxation sonore sur l\u2019eau<br>\u2022 c\u00e9r\u00e9monies (pleine lune, solstice, \u00e9quinoxe)<br>\u2022 voyages sonores th\u00e9matiques<br>\u2022 ateliers cr\u00e9atifs \u00e9nerg\u00e9tiques<br>\u2022 exp\u00e9riences immersives dans la tente de 40 m\u00b2 ou dans ma piscine<\/p>\n\n\n\n<p>Tout cela revient d\u00e8s le printemps et l\u2019\u00e9t\u00e9 \u2014 et chaque ann\u00e9e, de nouvelles exp\u00e9riences s\u2019ajoutent.<\/p>\n\n\n\n<figure class=\"wp-block-image size-large\"><img loading=\"lazy\" decoding=\"async\" width=\"724\" height=\"1024\" src=\"http:\/\/enpleineveil.com\/wp-content\/uploads\/2025\/04\/2-724x1024.png\" alt=\"\" class=\"wp-image-890\" srcset=\"https:\/\/enpleineveil.com\/wp-content\/uploads\/2025\/04\/2-724x1024.png 724w, https:\/\/enpleineveil.com\/wp-content\/uploads\/2025\/04\/2-212x300.png 212w, https:\/\/enpleineveil.com\/wp-content\/uploads\/2025\/04\/2-768x1086.png 768w, https:\/\/enpleineveil.com\/wp-content\/uploads\/2025\/04\/2-1086x1536.png 1086w, https:\/\/enpleineveil.com\/wp-content\/uploads\/2025\/04\/2.png 1414w\" sizes=\"auto, (max-width: 724px) 100vw, 724px\" \/><\/figure>\n\n\n\n<p>Voici toutes les dates de formations:<\/p>\n\n\n\n<p>Formation: <strong><a href=\"http:\/\/enpleineveil.com\/index.php\/formation-daromatherapie-familiale-niveau-de-base-eveillez-votre-bien-etre-naturel\/\">Aromath\u00e9rapie Familiale<\/a><\/strong> niveau de base: F\u00e9vrier 2027. niveau 2. Mercredi 11 mars 2026<\/p>\n\n\n\n<p>Formation: <strong><a href=\"http:\/\/enpleineveil.com\/index.php\/formation-daromatherapie-energetique-explorez-lharmonie-naturelle-du-corps-et-de-lesprit\/\">Aromath\u00e9rapie \u00e9nerg\u00e9tique<\/a><\/strong>: f\u00e9vrier 2027<\/p>\n\n\n\n<p>Formation : Mouvement oculaire bilat\u00e9ral. Mercredi 4 f\u00e9vrier 2026<\/p>\n\n\n\n<p>Formation: <strong><a href=\"http:\/\/enpleineveil.com\/index.php\/formation-soin-lahochi-eveillez-le-guerisseur-en-vous\/\">Soin Lahochi:<\/a><\/strong> Lahochi 13\u00e9me octave le mercredi 15 avril 2026<br>LaHoChi (de base) lundi 9 mars 2026. Atelier pratique le dimanche 14 juin 2026<\/p>\n\n\n\n<p>Formation: <strong><a href=\"http:\/\/enpleineveil.com\/index.php\/formation-en-magnetisme-decouvrez-le-flux-energetique-interieur\/\">Magn\u00e9tisme et utilisation du pendule<\/a><\/strong>: Les lundis 13 avril, 11 mai, 8 juin, 13 juillet et 10 aout 2026<\/p>\n\n\n\n<p>Formation: R\u00e9flexologie. Mercredi 27 mai 2026<\/p>\n\n\n\n<p>Formation: Massage cr\u00e2nien de tradition Indienne. Mercredi 10 juin 2026<\/p>\n\n\n\n<p>Formation: Massage visage Kobido. Mercredi 15 juillet 2026<\/p>\n\n\n\n<p>Formation: <strong>Massage pieds aux bols Kansu<\/strong>: mercredi 12 aout 2026<\/p>\n\n\n\n<p>Formation: <strong><a href=\"https:\/\/enpleineveil.com\/index.php\/formation-certifiante-en-diapason-therapeutique\/\" class=\"ek-link\">Sonoth\u00e9rapie: le diapason th\u00e9rapeutique.<\/a><\/strong>niveau 1: Dimanche 6 septembre 2026. Niveau 2: Mercredi 9 septembre 2026<\/p>\n\n\n\n<p>Formation: E.F.T. Mercredi 14 octobre 2026<\/p>\n\n\n\n<p>Formation: <strong><a href=\"https:\/\/enpleineveil.com\/index.php\/le-massage-doux-aux-pinceaux\/\" class=\"ek-link\">Massage douceur aux Pinceaux<\/a><\/strong>. Dimanche 11 octobre 2026<\/p>\n\n\n\n<p>Formation: <a href=\"http:\/\/enpleineveil.com\/index.php\/formation-en-lithotherapie-explorez-le-pouvoir-des-cristaux\/\"><strong>Lithoth\u00e9rapie<\/strong>: <\/a>Niveau 1 dimanche 8 novembre 2026. Niveau 2 le mercredi 18 novembre 2026<\/p>\n\n\n\n<p>Formation: <a href=\"http:\/\/enpleineveil.com\/index.php\/formation-fleurs-de-bach-explorez-lequilibre-emotionnel-naturel\/\"><strong>Fleurs de Bach<\/strong>:<\/a> Dimanche 15 novembre 2026<\/p>\n\n\n\n<p>Formation: <a href=\"http:\/\/enpleineveil.com\/index.php\/formation-naturopathique-comment-soigner-au-naturel-les-infections-de-lhiver\/\"><strong>Soigner naturellement les maux de l&rsquo;hiver:<\/strong> <\/a> r\u00e9server aux participants qui font un parcours complet<\/p>\n\n\n\n<p>Formation: <strong><a href=\"http:\/\/enpleineveil.com\/index.php\/formation-de-reequilibrage-alimentaire-cultivez-une-sante-equilibree\/\">R\u00e9\u00e9quilibrage alimentaire<\/a><\/strong>: R\u00e9server aux participants qui font un parcours complet<\/p>\n\n\n\n<p>Formation: <strong><a href=\"http:\/\/enpleineveil.com\/index.php\/formation-purification-et-protection-energetique-des-personnes-et-des-lieux\/\">Purification et Protection des lieux et des personnes:<\/a><\/strong> R\u00e9server aux participants qui font un parcours complet.<\/p>\n\n\n\n<figure class=\"wp-block-image size-large\"><img loading=\"lazy\" decoding=\"async\" width=\"724\" height=\"1024\" src=\"http:\/\/enpleineveil.com\/wp-content\/uploads\/2025\/04\/1-724x1024.png\" alt=\"\" class=\"wp-image-891\" srcset=\"https:\/\/enpleineveil.com\/wp-content\/uploads\/2025\/04\/1-724x1024.png 724w, https:\/\/enpleineveil.com\/wp-content\/uploads\/2025\/04\/1-212x300.png 212w, https:\/\/enpleineveil.com\/wp-content\/uploads\/2025\/04\/1-768x1086.png 768w, https:\/\/enpleineveil.com\/wp-content\/uploads\/2025\/04\/1-1086x1536.png 1086w, https:\/\/enpleineveil.com\/wp-content\/uploads\/2025\/04\/1.png 1414w\" sizes=\"auto, (max-width: 724px) 100vw, 724px\" \/><\/figure>\n\n\n\n<div class=\"wp-block-buttons is-layout-flex wp-block-buttons-is-layout-flex\">\n<div class=\"wp-block-button\"><a class=\"wp-block-button__link wp-element-button\" href=\"https:\/\/enpleineveil.com\/\">Retour \u00e0 la page d&rsquo;accueil<\/a><\/div>\n<\/div>\n\n\n\n<a href=\"https:\/\/wa.me\/32476296412?text=Bonjour%20Sandrine,%20je%20souhaite%20avoir%20plus%20d'informations%20sur%20vos%20soins%20\u00e9nerg\u00e9tiques%20\ud83d\ude42\" \n   target=\"_blank\" \n   style=\"display:inline-block; background-color:#25D366; color:white; padding:12px 20px; border-radius:50px; font-weight:bold; text-decoration:none; font-family:Arial, sans-serif; font-size:16px;\">\n   \ud83d\udcac Me contacter sur WhatsApp\n<\/a>\n","protected":false},"excerpt":{"rendered":"<p>Agenda des \u00e9v\u00e9nements \u00e0 venir Des exp\u00e9riences vibratoires pour nourrir ton \u00e9nergie, ton corps et ton \u00e2me** Chaque saison apporte son rythme\u2026En hiver, je privil\u00e9gie des rencontres plus intimes, cocooning et profondes, alors que l\u2019\u00e9t\u00e9 ouvre la porte aux exp\u00e9riences aquatiques, aux soir\u00e9es en plein air et aux c\u00e9r\u00e9monies sous les \u00e9toiles.Tu trouveras ici toutes &hellip; <\/p>\n<p class=\"link-more\"><a href=\"https:\/\/enpleineveil.com\/index.php\/agenda\/\" class=\"more-link\">Continuer la lecture<span class=\"screen-reader-text\"> de &laquo;&nbsp;Agenda&nbsp;&raquo;<\/span><\/a><\/p>\n","protected":false},"author":1,"featured_media":0,"parent":0,"menu_order":0,"comment_status":"closed","ping_status":"closed","template":"","meta":{"footnotes":""},"class_list":["post-607","page","type-page","status-publish","hentry"],"_links":{"self":[{"href":"https:\/\/enpleineveil.com\/index.php\/wp-json\/wp\/v2\/pages\/607","targetHints":{"allow":["GET"]}}],"collection":[{"href":"https:\/\/enpleineveil.com\/index.php\/wp-json\/wp\/v2\/pages"}],"about":[{"href":"https:\/\/enpleineveil.com\/index.php\/wp-json\/wp\/v2\/types\/page"}],"author":[{"embeddable":true,"href":"https:\/\/enpleineveil.com\/index.php\/wp-json\/wp\/v2\/users\/1"}],"replies":[{"embeddable":true,"href":"https:\/\/enpleineveil.com\/index.php\/wp-json\/wp\/v2\/comments?post=607"}],"version-history":[{"count":25,"href":"https:\/\/enpleineveil.com\/index.php\/wp-json\/wp\/v2\/pages\/607\/revisions"}],"predecessor-version":[{"id":1374,"href":"https:\/\/enpleineveil.com\/index.php\/wp-json\/wp\/v2\/pages\/607\/revisions\/1374"}],"wp:attachment":[{"href":"https:\/\/enpleineveil.com\/index.php\/wp-json\/wp\/v2\/media?parent=607"}],"curies":[{"name":"wp","href":"https:\/\/api.w.org\/{rel}","templated":true}]}}